{"id":443,"date":"2025-04-08T15:09:50","date_gmt":"2025-04-08T15:09:50","guid":{"rendered":"https:\/\/sosnowica.com\/?page_id=443"},"modified":"2025-04-08T15:12:39","modified_gmt":"2025-04-08T15:12:39","slug":"polityka-prywatnosci","status":"publish","type":"page","link":"https:\/\/sosnowica.com\/de\/datenschutzrichtlinie\/","title":{"rendered":"Datenschutzrichtlinie"},"content":{"rendered":"<style>.elementor-443 .elementor-element.elementor-element-19a39e6:not(.elementor-motion-effects-element-type-background), .elementor-443 .elementor-element.elementor-element-19a39e6 > .elementor-motion-effects-container > .elementor-motion-effects-layer{background-color:var( --e-global-color-primary );}.elementor-443 .elementor-element.elementor-element-19a39e6 > .elementor-background-overlay{background-color:#000000;opacity:0.65;transition:background 0.3s, border-radius 0.3s, opacity 0.3s;}.elementor-443 .elementor-element.elementor-element-19a39e6 > .elementor-container{max-width:1250px;}.elementor-443 .elementor-element.elementor-element-19a39e6{transition:background 0.3s, border 0.3s, border-radius 0.3s, box-shadow 0.3s;padding:50px 0px 50px 0px;}.elementor-443 .elementor-element.elementor-element-49aa825 > .elementor-element-populated{transition:background 0.3s, border 0.3s, border-radius 0.3s, box-shadow 0.3s;}.elementor-443 .elementor-element.elementor-element-49aa825 > .elementor-element-populated > .elementor-background-overlay{transition:background 0.3s, border-radius 0.3s, opacity 0.3s;}.elementor-443 .elementor-element.elementor-element-422fc82{text-align:left;}.elementor-443 .elementor-element.elementor-element-422fc82 .elementor-heading-title{font-family:var( --e-global-typography-primary-font-family ), Sans-serif;font-size:var( --e-global-typography-primary-font-size );font-weight:var( --e-global-typography-primary-font-weight );line-height:var( --e-global-typography-primary-line-height );color:#FFFFFF;}.elementor-443 .elementor-element.elementor-element-2c72ea4 .elementor-icon-list-items:not(.elementor-inline-items) .elementor-icon-list-item:not(:last-child){padding-block-end:calc(10px\/2);}.elementor-443 .elementor-element.elementor-element-2c72ea4 .elementor-icon-list-items:not(.elementor-inline-items) .elementor-icon-list-item:not(:first-child){margin-block-start:calc(10px\/2);}.elementor-443 .elementor-element.elementor-element-2c72ea4 .elementor-icon-list-items.elementor-inline-items .elementor-icon-list-item{margin-inline:calc(10px\/2);}.elementor-443 .elementor-element.elementor-element-2c72ea4 .elementor-icon-list-items.elementor-inline-items{margin-inline:calc(-10px\/2);}.elementor-443 .elementor-element.elementor-element-2c72ea4 .elementor-icon-list-items.elementor-inline-items .elementor-icon-list-item:after{inset-inline-end:calc(-10px\/2);}.elementor-443 .elementor-element.elementor-element-2c72ea4 .elementor-icon-list-icon i{color:var( --e-global-color-accent );transition:color 0.3s;}.elementor-443 .elementor-element.elementor-element-2c72ea4 .elementor-icon-list-icon svg{fill:var( --e-global-color-accent );transition:fill 0.3s;}.elementor-443 .elementor-element.elementor-element-2c72ea4{--e-icon-list-icon-size:14px;--icon-vertical-offset:0px;}.elementor-443 .elementor-element.elementor-element-2c72ea4 .elementor-icon-list-icon{padding-inline-end:0px;}.elementor-443 .elementor-element.elementor-element-2c72ea4 .elementor-icon-list-text{color:#FFFFFF;transition:color 0.3s;}.elementor-443 .elementor-element.elementor-element-74e045ab > .elementor-container{max-width:1200px;}.elementor-443 .elementor-element.elementor-element-74e045ab > .elementor-background-overlay{opacity:0.14;transition:background 0.3s, border-radius 0.3s, opacity 0.3s;}.elementor-443 .elementor-element.elementor-element-74e045ab{transition:background 0.3s, border 0.3s, border-radius 0.3s, box-shadow 0.3s;margin-top:0px;margin-bottom:0px;padding:50px 0px 50px 0px;}@media(max-width:1024px){.elementor-443 .elementor-element.elementor-element-19a39e6{padding:50px 10px 50px 10px;}.elementor-443 .elementor-element.elementor-element-422fc82 .elementor-heading-title{font-size:var( --e-global-typography-primary-font-size );line-height:var( --e-global-typography-primary-line-height );}.elementor-443 .elementor-element.elementor-element-74e045ab{margin-top:0px;margin-bottom:0px;padding:40px 10px 40px 10px;}}@media(max-width:767px){.elementor-443 .elementor-element.elementor-element-19a39e6{padding:40px 10px 40px 10px;}.elementor-443 .elementor-element.elementor-element-422fc82 .elementor-heading-title{font-size:var( --e-global-typography-primary-font-size );line-height:var( --e-global-typography-primary-line-height );}.elementor-443 .elementor-element.elementor-element-74e045ab{padding:40px 10px 40px 10px;}}<\/style>\t\t<div data-elementor-type=\"wp-page\" data-elementor-id=\"443\" class=\"elementor elementor-443\" data-elementor-post-type=\"page\">\n\t\t\t\t\t\t<section class=\"elementor-section elementor-top-section elementor-element elementor-element-19a39e6 elementor-section-boxed elementor-section-height-default elementor-section-height-default\" data-id=\"19a39e6\" data-element_type=\"section\" data-settings=\"{&quot;background_background&quot;:&quot;classic&quot;}\">\n\t\t\t\t\t\t\t<div class=\"elementor-background-overlay\"><\/div>\n\t\t\t\t\t\t\t<div class=\"elementor-container elementor-column-gap-default\">\n\t\t\t\t\t<div class=\"elementor-column elementor-col-100 elementor-top-column elementor-element elementor-element-49aa825\" data-id=\"49aa825\" data-element_type=\"column\" data-settings=\"{&quot;background_background&quot;:&quot;classic&quot;}\">\n\t\t\t<div class=\"elementor-widget-wrap elementor-element-populated\">\n\t\t\t\t\t\t<div class=\"elementor-element elementor-element-2c72ea4 elementor-icon-list--layout-inline elementor-align-left elementor-list-item-link-full_width elementor-widget elementor-widget-icon-list\" data-id=\"2c72ea4\" data-element_type=\"widget\" data-widget_type=\"icon-list.default\">\n\t\t\t\t<div class=\"elementor-widget-container\">\n\t\t\t\t\t\t\t<ul class=\"elementor-icon-list-items elementor-inline-items\">\n\t\t\t\t\t\t\t<li class=\"elementor-icon-list-item elementor-inline-item\">\n\t\t\t\t\t\t\t\t\t\t\t<a href=\"https:\/\/sosnowica.com\/de\">\n\n\t\t\t\t\t\t\t\t\t\t\t<span class=\"elementor-icon-list-text\">Startseite<\/span>\n\t\t\t\t\t\t\t\t\t\t\t<\/a>\n\t\t\t\t\t\t\t\t\t<\/li>\n\t\t\t\t\t\t\t\t<li class=\"elementor-icon-list-item elementor-inline-item\">\n\t\t\t\t\t\t\t\t\t\t\t<span class=\"elementor-icon-list-icon\">\n\t\t\t\t\t\t\t<svg aria-hidden=\"true\" class=\"e-font-icon-svg e-fas-chevron-right\" viewbox=\"0 0 320 512\" xmlns=\"http:\/\/www.w3.org\/2000\/svg\"><path d=\"M285.476 272.971L91.132 467.314c-9.373 9.373-24.569 9.373-33.941 0l-22.667-22.667c-9.357-9.357-9.375-24.522-.04-33.901L188.505 256 34.484 101.255c-9.335-9.379-9.317-24.544.04-33.901l22.667-22.667c9.373-9.373 24.569-9.373 33.941 0L285.475 239.03c9.373 9.372 9.373 24.568.001 33.941z\"><\/path><\/svg>\t\t\t\t\t\t<\/span>\n\t\t\t\t\t\t\t\t\t\t<span class=\"elementor-icon-list-text\"><\/span>\n\t\t\t\t\t\t\t\t\t<\/li>\n\t\t\t\t\t\t<\/ul>\n\t\t\t\t\t\t<\/div>\n\t\t\t\t<\/div>\n\t\t\t\t\t<\/div>\n\t\t<\/div>\n\t\t\t\t\t<\/div>\n\t\t<\/section>\n\t\t\t\t<section class=\"elementor-section elementor-top-section elementor-element elementor-element-74e045ab elementor-section-boxed elementor-section-height-default elementor-section-height-default\" data-id=\"74e045ab\" data-element_type=\"section\" data-settings=\"{&quot;background_background&quot;:&quot;classic&quot;}\">\n\t\t\t\t\t\t\t<div class=\"elementor-background-overlay\"><\/div>\n\t\t\t\t\t\t\t<div class=\"elementor-container elementor-column-gap-default\">\n\t\t\t\t\t<div class=\"elementor-column elementor-col-100 elementor-top-column elementor-element elementor-element-3f5cb863\" data-id=\"3f5cb863\" data-element_type=\"column\">\n\t\t\t<div class=\"elementor-widget-wrap elementor-element-populated\">\n\t\t\t\t\t\t<div class=\"elementor-element elementor-element-9a018f5 elementor-widget elementor-widget-heading\" data-id=\"9a018f5\" data-element_type=\"widget\" data-widget_type=\"heading.default\">\n\t\t\t\t<div class=\"elementor-widget-container\">\n\t\t\t\t\t<h2 class=\"elementor-heading-title elementor-size-default\">Datenschutzerkl\u00e4rung der Website sosnowica.com.pl<\/h2>\t\t\t\t<\/div>\n\t\t\t\t<\/div>\n\t\t\t\t<div class=\"elementor-element elementor-element-44268ac elementor-widget elementor-widget-text-editor\" data-id=\"44268ac\" data-element_type=\"widget\" data-widget_type=\"text-editor.default\">\n\t\t\t\t<div class=\"elementor-widget-container\">\n\t\t\t\t\t\t\t\t\t<p>Der Schutz der Privatsph\u00e4re unserer Nutzer ist uns wichtig.\u00a0<strong>PUH \u201dSOSNOWICA\u201cSCJWI\u0104CKIEWICZ,G.R\u0118BOSZ<\/strong>\u00a0besonders wichtig. Aus diesem Grund sollten Website-Nutzer\u00a0<strong>sosnowica.com.pl<\/strong>\u00a0werden hohe Standards des Datenschutzes garantiert.\u00a0<strong>PUH \u201dSOSNOWICA\u201cSCJWI\u0104CKIEWICZ,G.R\u0118BOSZ<\/strong>\u00a0Als Datenadministrator gew\u00e4hrleiste ich die Sicherheit der von den Benutzern bereitgestellten Daten.<\/p><p>Ziel des Administrators ist es, die Nutzer umfassend \u00fcber ihre Rechte und Pflichten im Zusammenhang mit der Verarbeitung personenbezogener Daten zu informieren, insbesondere im Hinblick auf die Bestimmungen der Verordnung (EU) 2016\/679 des Europ\u00e4ischen Parlaments und des Rates vom 27. April 2016 zum Schutz nat\u00fcrlicher Personen bei der Verarbeitung personenbezogener Daten, zum freien Datenverkehr und zur Aufhebung der Richtlinie 95\/46\/EG (nachfolgend \u201eDSGVO\u201d). Um die Privatsph\u00e4re der Website-Nutzer zu sch\u00fctzen, informiert der Administrator in diesem Dokument \u00fcber die Rechtsgrundlage f\u00fcr die Verarbeitung der von den Nutzern im Zusammenhang mit ihrer Nutzung der Website bereitgestellten personenbezogenen Daten.\u00a0<strong>sosnowica.com.pl<\/strong>\u00a0<em>(nachfolgend \u201eWebsite\u201d genannt)<\/em>, Methoden zur Erhebung, Verarbeitung und zum Schutz personenbezogener Daten sowie die Rechte der Nutzer.<\/p><p>Als Nutzer gilt jede nat\u00fcrliche Person, deren Daten verarbeitet werden und die die Website nutzt.\u00a0<strong>sosnowica.com.pl<\/strong>\u00a0oder elektronische Dienste, die \u00fcber die Website verf\u00fcgbar sind.<\/p><p>Der Administrator der vom Nutzer auf der Website angegebenen personenbezogenen Daten\u00a0<strong>sosnowica.com.pl<\/strong>\u00a0Ist\u00a0<strong>PUH \u201dSOSNOWICA\u201cSCJWI\u0104CKIEWICZ,G.R\u0118BOSZ, Siod\u0142a n\/n, 26-050 Zagna\u0144sk, NIP 6571026295,\u00a0<\/strong><em>(nachfolgend \u201eAdministrator\u201d genannt)<\/em>.<br \/><br \/><\/p><ol><li><strong>Benutzereinwilligung<br \/><\/strong><br \/><p>Nutzung der Website\u00a0<strong>sosnowica.com.pl<\/strong>\u00a0durch den Nutzer bedeutet, dass der Nutzer akzeptiert, dass der Administrator personenbezogene Daten in \u00dcbereinstimmung mit dieser Datenschutzrichtlinie erhebt und verwendet.<\/p><p>Die personenbezogenen Daten des Website-Nutzers werden vom Administrator auf Grundlage der Einwilligung des Nutzers und, in bestimmten, in diesem Dokument beschriebenen F\u00e4llen, aufgrund des berechtigten Interesses des Administrators verarbeitet. Der Nutzer hat das Recht, seine zuvor erteilte Einwilligung jederzeit zu widerrufen. Der Widerruf der Einwilligung ber\u00fchrt nicht die Rechtm\u00e4\u00dfigkeit der aufgrund der Einwilligung bis zum Widerruf erfolgten Verarbeitung.<\/p><p>Wenn sich diese Datenschutzrichtlinie \u00e4ndert und der Nutzer die Website weiterhin nutzt, gilt dies als Zustimmung zu den jeweils geltenden Bedingungen der Datenschutzrichtlinie.<br \/><br \/><\/p><\/li><li><strong>VOM VERWALTER VERARBEITETE PERSONENBEZOGENE DATEN<br \/><br \/><\/strong><ol><li><strong>Methode zur Erhebung personenbezogener Daten<\/strong><p>Der Administrator erh\u00e4lt personenbezogene Daten direkt vom Benutzer \u00fcber die Website, mithilfe der dort verf\u00fcgbaren Funktionen und Kommunikationsmittel sowie durch das Senden von Nachrichten an den Administrator \u00fcber diese.<\/p><p>Die Angabe personenbezogener Daten durch den Nutzer ist freiwillig.<\/p><\/li><li><strong>Arten der verarbeiteten personenbezogenen Daten<\/strong><p>Der Administrator erhebt \u00fcber die Website folgende personenbezogene Daten des Nutzers:<\/p><ol><li>Vorname und Nachname;<\/li><li>E-Mail-Adresse;<\/li><li>Telefonnummer;<\/li><li>Nachrichteninhalt.<br \/><br \/><\/li><\/ol><\/li><\/ol><\/li><li><strong>ZWECKE DER VERARBEITUNG PERSONENBEZOGENER DATEN<br \/><br \/><\/strong><p>Die Art und Weise, wie der Administrator Nutzerdaten verarbeitet, h\u00e4ngt davon ab, wie der Nutzer die Website und die dort verf\u00fcgbaren Funktionen nutzt. Der Administrator verarbeitet personenbezogene Daten der Nutzer zu folgenden Zwecken:<\/p><ol><li><strong>Kommunikation mit dem Nutzer.<\/strong><p>Der Administrator nutzt die personenbezogenen Daten der Nutzer, um mit ihnen individuell zu kommunizieren. Die an den Nutzer \u00fcbermittelten Informationen betreffen angebotene Produkte oder Dienstleistungen, die Sicherheit personenbezogener Daten, Netzwerkaktualisierungen, Erinnerungen sowie Angebote des Administrators oder seiner Partner. Die Kommunikation mit dem Nutzer dient auch der Nutzerbetreuung. Die personenbezogenen Daten werden verwendet, um den Nutzer zu unterst\u00fctzen, technische Probleme zu l\u00f6sen und auf Beschwerden oder Anspr\u00fcche zu reagieren.<\/p><\/li><li><strong>Dem Nutzer wird die M\u00f6glichkeit gegeben, Kommentare oder Meinungen abzugeben.<\/strong><p>Der Administrator verwendet die personenbezogenen Daten des Benutzers, um ihm die M\u00f6glichkeit zu geben, die Aktivit\u00e4ten, Dienstleistungen oder Produkte des Administrators oder von mit ihm kooperierenden Unternehmen zu kommentieren bzw. seine Meinung dazu zu \u00e4u\u00dfern.<\/p><\/li><\/ol><p>Der Administrator darf die \u00fcber die Website erhaltenen personenbezogenen Daten des Nutzers auch zu folgenden Zwecken verarbeiten:<\/p><ol><li>um einen m\u00f6glichen Vertrag zwischen dem Nutzer und dem Verantwortlichen abzuschlie\u00dfen und durchzuf\u00fchren und den Nutzer als Kunden des Verantwortlichen gem\u00e4\u00df Artikel 6 Absatz 1 Buchstabe b) DSGVO zu betreuen;<\/li><li>um finanzielle Abrechnungen mit dem Nutzer, der Auftraggeber des Verantwortlichen ist, im Zusammenhang mit der Erf\u00fcllung eines m\u00f6glichen zwischen den Parteien geschlossenen Vertrags durchzuf\u00fchren sowie um m\u00f6gliche Anspr\u00fcche des Nutzers, der Auftraggeber ist, im Rahmen des berechtigten Interesses des Verantwortlichen gem\u00e4\u00df Artikel 6 Absatz 1 Buchstabe f) DSGVO geltend zu machen und um die rechtlichen Verpflichtungen des Verantwortlichen gegen\u00fcber den Steuerbeh\u00f6rden auf der Grundlage gesonderter Bestimmungen gem\u00e4\u00df Artikel 6 Absatz 1 Buchstabe c) DSGVO zu erf\u00fcllen;<\/li><li>um die Marketingaktivit\u00e4ten des Verantwortlichen im Rahmen seines berechtigten Interesses gem\u00e4\u00df Art. 6 Abs. 1 lit. f DSGVO sowie gem\u00e4\u00df den dem Verantwortlichen \u00fcbermittelten Absichtserkl\u00e4rungen zu Marketingmitteilungen durchzuf\u00fchren. Im Rahmen von Marketingmitteilungen erteilte Einwilligungen (z. B. zur Zusendung von kommerziellen Informationen auf elektronischem Wege oder telefonische Kontaktaufnahme zu Direktmarketingzwecken) k\u00f6nnen jederzeit widerrufen werden, ohne dass die Rechtm\u00e4\u00dfigkeit der aufgrund der Einwilligung bis zum Widerruf erfolgten Verarbeitung ber\u00fchrt wird;<\/li><li>um die in der DSGVO festgelegten rechtlichen Verpflichtungen des Administrators gegen\u00fcber dem Nutzer, im Sinne von Artikel 6 Absatz 1 Buchstabe c) DSGVO, zu erf\u00fcllen.<br \/><br \/><\/li><\/ol><\/li><li><strong>Weitergabe personenbezogener Daten<br \/><br \/><\/strong><p>Die personenbezogenen Daten des Nutzers werden oder k\u00f6nnen an die folgenden Kategorien von Empf\u00e4ngern \u00fcbermittelt werden:<\/p><ol><li>Werbe- oder Marketingdienstleister.<br \/><br \/><\/li><\/ol><\/li><li><strong>NUTZERRECHTE<br \/><br \/><\/strong><ol><li><strong>Nutzerrechte<\/strong><p>In jeder Phase der Datenverarbeitung stehen dem Nutzer verschiedene Rechte zu, die es ihm erm\u00f6glichen, auf seine Daten zuzugreifen, die Richtigkeit der Datenverarbeitung zu \u00fcberpr\u00fcfen, diese zu korrigieren sowie Widerspruch gegen die Verarbeitung einzulegen, die L\u00f6schung von Daten, die Einschr\u00e4nkung der Verarbeitung oder die Daten\u00fcbertragung zu verlangen.<\/p><p>M\u00f6chte der Nutzer seine Rechte als betroffene Person aus\u00fcben, kann er sich unter Verwendung der folgenden Kontaktdaten an den Administrator wenden:\u00a0<strong>PUH \u201dSOSNOWICA\u201cSCJWI\u0104CKIEWICZ,G.R\u0118BOSZ, Siod\u0142a n\/n, 26-050 Zagna\u0144sk,\u00a0<a href=\"mailto:biuro@sosnowica.com.pl\">biuro@sosnowica.com.pl<\/a>.<\/strong><\/p><\/li><li><strong>Das Recht, eine Beschwerde bei der Aufsichtsbeh\u00f6rde einzureichen<\/strong><p>Der Nutzer, dessen personenbezogene Daten vom Administrator verarbeitet werden, hat das Recht, eine Beschwerde bei der f\u00fcr den Schutz personenbezogener Daten zust\u00e4ndigen Aufsichtsbeh\u00f6rde (dem Pr\u00e4sidenten des Amtes f\u00fcr den Schutz personenbezogener Daten) einzureichen.<br \/><br \/><\/p><\/li><\/ol><\/li><li><strong>KEKSE<br \/><br \/><\/strong><ol><li style=\"list-style-type: none;\"><ol>Der Administrator informiert hiermit dar\u00fcber, dass beim Besuch der Website sogenannte \u201eCookies\u201d auf dem Endger\u00e4t des Nutzers gespeichert werden. Dabei handelt es sich um Textdateien, die HTTP-Anfragen an den Server des Administrators entsprechen. Cookies werden von jedem Browser installiert, den der Nutzer zum Besuch der Website verwendet. Auf der Website werden Cookies zu folgenden Zwecken verwendet:<li style=\"list-style-type: none;\"><ol><li>Aufrechterhaltung der technischen Korrektheit und Kontinuit\u00e4t der Sitzung zwischen dem Webserver und dem Endger\u00e4t des Benutzers;<\/li><li>Optimierung der Nutzung der Webseiten der Website durch den Benutzer und Anpassung der Darstellungsweise dieser Seiten auf dem Endger\u00e4t des Benutzers;<\/li><li>die Sicherheit bei der Nutzung der Website gew\u00e4hrleisten;<\/li><li>Erhebung von Besucherstatistiken der Website-Seiten, um deren Struktur und Inhalt zu verbessern;<\/li><li>Inhalte werden auf dem Endger\u00e4t des Nutzers angezeigt, die auf dessen Pr\u00e4ferenzen zugeschnitten sind.<\/li><\/ol><\/li><\/ol><\/li><\/ol><p>Detaillierte Informationen zu den vom Administrator verwendeten Cookies und deren Verwaltung finden Sie in\u00a0<a href=\"https:\/\/sosnowica.com.pl\/polityka-cookies\" target=\"_blank\" rel=\"noopener noreferrer noindex\">Cookie-Richtlinie<\/a>.<br \/><br \/><\/p><\/li><li><strong>WEITERE WICHTIGE INFORMATIONEN<br \/><br \/><\/strong><ol><li><strong>Schutz der Sicherheit personenbezogener Daten<\/strong><p>Der Administrator setzt geeignete Ma\u00dfnahmen um, um die Sicherheit der personenbezogenen Daten der Nutzer zu gew\u00e4hrleisten. Die sichere Nutzung der Website wird durch Systeme und Verfahren sichergestellt, die vor unbefugtem Zugriff und der Offenlegung von Daten sch\u00fctzen. Dar\u00fcber hinaus werden die vom Administrator verwendeten Systeme und Prozesse regelm\u00e4\u00dfig \u00fcberwacht, um potenzielle Bedrohungen zu erkennen. Die vom Administrator erhobenen personenbezogenen Daten werden in Computersystemen gespeichert, zu denen der Zugriff streng beschr\u00e4nkt ist.<\/p><\/li><li><strong>Speicherung personenbezogener Daten<\/strong><p>Die Speicherdauer der personenbezogenen Daten der Nutzer h\u00e4ngt vom Zweck der Datenverarbeitung durch den Administrator ab.<br \/>Der Administrator speichert personenbezogene Daten nur so lange, wie es zur Erreichung bestimmter Zwecke erforderlich ist, z. B.:<\/p><ul><li>Im Falle der Erbringung einer Dienstleistung\/Lieferung eines Produkts an den Nutzer \u2013 f\u00fcr den Zeitraum, der f\u00fcr den Administrator erforderlich ist, um die bestellte Dienstleistung zu erbringen oder das Produkt an den Nutzer zu liefern.<\/li><\/ul><p>In allen oben genannten F\u00e4llen d\u00fcrfen die Daten nach Ablauf der erforderlichen Verarbeitungsfrist nur noch zum Zwecke der Geltendmachung von Anspr\u00fcchen aus der Beziehung zwischen den Parteien verarbeitet werden, bis diese Anspr\u00fcche endg\u00fcltig auf dem Rechtsweg gekl\u00e4rt sind.<\/p><\/li><li><strong>\u00c4nderungen der Datenschutzrichtlinie<\/strong><p>Um die in dieser Datenschutzerkl\u00e4rung enthaltenen Informationen zu aktualisieren und ihre \u00dcbereinstimmung mit geltendem Recht sicherzustellen, kann diese Datenschutzerkl\u00e4rung ge\u00e4ndert werden. Im Falle einer \u00c4nderung der Datenschutzerkl\u00e4rung wird das am Ende des Textes angegebene Aktualisierungsdatum entsprechend angepasst. Um Informationen zum Schutz personenbezogener Daten zu erhalten, empfiehlt der Administrator den Nutzern, die Bestimmungen der Datenschutzerkl\u00e4rung regelm\u00e4\u00dfig zu \u00fcberpr\u00fcfen.<\/p><\/li><li><strong>Kontaktinformationen<\/strong><p>Um Informationen zu dieser Datenschutzrichtlinie zu erhalten, kann sich der Nutzer an den Verantwortlichen f\u00fcr die personenbezogenen Daten wenden:\u00a0<strong>PUH \u201dSOSNOWICA\u201cSCJWI\u0104CKIEWICZ,G.R\u0118BOSZ, Siod\u0142a n\/n, 26-050 Zagna\u0144sk,\u00a0<\/strong>unter Verwendung der folgenden Kontaktdaten:\u00a0<strong><a href=\"mailto:biuro@sosnowica.com.pl\">biuro@sosnowica.com.pl<\/a>.<\/strong><\/p><p>Dar\u00fcber hinaus k\u00f6nnen Sie uns auch per Post erreichen unter:\u00a0<strong>S\u00e4ttel n\/n, 26-050 Zagna\u0144sk<\/strong>.<\/p><\/li><\/ol><\/li><\/ol><p>Dieses Dokument wurde zuletzt am 08.05.2024 aktualisiert.<\/p>\t\t\t\t\t\t\t\t<\/div>\n\t\t\t\t<\/div>\n\t\t\t\t\t<\/div>\n\t\t<\/div>\n\t\t\t\t\t<\/div>\n\t\t<\/section>\n\t\t\t\t<\/div>","protected":false},"excerpt":{"rendered":"<p>Strona g\u0142\u00f3wna Polityka prywatno\u015bci Serwisu sosnowica.com.pl Ochrona prywatno\u015bci U\u017cytkownik\u00f3w jest dla\u00a0PUH ,,SOSNOWICA&#8221;S.C. J.WI\u0104CKIEWICZ,G.R\u0118BOSZ\u00a0szczeg\u00f3lnie wa\u017cna. Z\u00a0tego wzgl\u0119du U\u017cytkownicy Serwisu\u00a0sosnowica.com.pl\u00a0maj\u0105 zagwarantowane wysokie standardy ochrony prywatno\u015bci.\u00a0PUH ,,SOSNOWICA&#8221;S.C. J.WI\u0104CKIEWICZ,G.R\u0118BOSZ\u00a0jako Administrator danych dba o\u00a0bezpiecze\u0144stwo udost\u0119pnionych przez U\u017cytkownik\u00f3w danych. Celem Administratora jest r\u00f3wnie\u017c nale\u017cyte informowanie U\u017cytkownik\u00f3w o\u00a0prawach i\u00a0obowi\u0105zkach zwi\u0105zanych z\u00a0przetwarzaniem danych osobowych, szczeg\u00f3lnie wobec tre\u015bci przepis\u00f3w o\u00a0ochronie danych osobowych okre\u015blonych w\u00a0rozporz\u0105dzeniu [&hellip;]<\/p>","protected":false},"author":1,"featured_media":0,"parent":0,"menu_order":0,"comment_status":"closed","ping_status":"closed","template":"elementor_header_footer","meta":{"footnotes":""},"class_list":["post-443","page","type-page","status-publish","hentry"],"_links":{"self":[{"href":"https:\/\/sosnowica.com\/de\/wp-json\/wp\/v2\/pages\/443","targetHints":{"allow":["GET"]}}],"collection":[{"href":"https:\/\/sosnowica.com\/de\/wp-json\/wp\/v2\/pages"}],"about":[{"href":"https:\/\/sosnowica.com\/de\/wp-json\/wp\/v2\/types\/page"}],"author":[{"embeddable":true,"href":"https:\/\/sosnowica.com\/de\/wp-json\/wp\/v2\/users\/1"}],"replies":[{"embeddable":true,"href":"https:\/\/sosnowica.com\/de\/wp-json\/wp\/v2\/comments?post=443"}],"version-history":[{"count":4,"href":"https:\/\/sosnowica.com\/de\/wp-json\/wp\/v2\/pages\/443\/revisions"}],"predecessor-version":[{"id":447,"href":"https:\/\/sosnowica.com\/de\/wp-json\/wp\/v2\/pages\/443\/revisions\/447"}],"wp:attachment":[{"href":"https:\/\/sosnowica.com\/de\/wp-json\/wp\/v2\/media?parent=443"}],"curies":[{"name":"wp","href":"https:\/\/api.w.org\/{rel}","templated":true}]}}