{"id":448,"date":"2025-04-08T15:12:57","date_gmt":"2025-04-08T15:12:57","guid":{"rendered":"https:\/\/sosnowica.com\/?page_id=448"},"modified":"2025-04-08T15:13:45","modified_gmt":"2025-04-08T15:13:45","slug":"polityka-cookies","status":"publish","type":"page","link":"https:\/\/sosnowica.com\/de\/cookie-richtlinie\/","title":{"rendered":"Cookie-Richtlinie"},"content":{"rendered":"<style>.elementor-448 .elementor-element.elementor-element-19a39e6:not(.elementor-motion-effects-element-type-background), .elementor-448 .elementor-element.elementor-element-19a39e6 > .elementor-motion-effects-container > .elementor-motion-effects-layer{background-color:var( --e-global-color-primary );}.elementor-448 .elementor-element.elementor-element-19a39e6 > .elementor-background-overlay{background-color:#000000;opacity:0.65;transition:background 0.3s, border-radius 0.3s, opacity 0.3s;}.elementor-448 .elementor-element.elementor-element-19a39e6 > .elementor-container{max-width:1250px;}.elementor-448 .elementor-element.elementor-element-19a39e6{transition:background 0.3s, border 0.3s, border-radius 0.3s, box-shadow 0.3s;padding:50px 0px 50px 0px;}.elementor-448 .elementor-element.elementor-element-49aa825 > .elementor-element-populated{transition:background 0.3s, border 0.3s, border-radius 0.3s, box-shadow 0.3s;}.elementor-448 .elementor-element.elementor-element-49aa825 > .elementor-element-populated > .elementor-background-overlay{transition:background 0.3s, border-radius 0.3s, opacity 0.3s;}.elementor-448 .elementor-element.elementor-element-422fc82{text-align:left;}.elementor-448 .elementor-element.elementor-element-422fc82 .elementor-heading-title{font-family:var( --e-global-typography-primary-font-family ), Sans-serif;font-size:var( --e-global-typography-primary-font-size );font-weight:var( --e-global-typography-primary-font-weight );line-height:var( --e-global-typography-primary-line-height );color:#FFFFFF;}.elementor-448 .elementor-element.elementor-element-2c72ea4 .elementor-icon-list-items:not(.elementor-inline-items) .elementor-icon-list-item:not(:last-child){padding-block-end:calc(10px\/2);}.elementor-448 .elementor-element.elementor-element-2c72ea4 .elementor-icon-list-items:not(.elementor-inline-items) .elementor-icon-list-item:not(:first-child){margin-block-start:calc(10px\/2);}.elementor-448 .elementor-element.elementor-element-2c72ea4 .elementor-icon-list-items.elementor-inline-items .elementor-icon-list-item{margin-inline:calc(10px\/2);}.elementor-448 .elementor-element.elementor-element-2c72ea4 .elementor-icon-list-items.elementor-inline-items{margin-inline:calc(-10px\/2);}.elementor-448 .elementor-element.elementor-element-2c72ea4 .elementor-icon-list-items.elementor-inline-items .elementor-icon-list-item:after{inset-inline-end:calc(-10px\/2);}.elementor-448 .elementor-element.elementor-element-2c72ea4 .elementor-icon-list-icon i{color:var( --e-global-color-accent );transition:color 0.3s;}.elementor-448 .elementor-element.elementor-element-2c72ea4 .elementor-icon-list-icon svg{fill:var( --e-global-color-accent );transition:fill 0.3s;}.elementor-448 .elementor-element.elementor-element-2c72ea4{--e-icon-list-icon-size:14px;--icon-vertical-offset:0px;}.elementor-448 .elementor-element.elementor-element-2c72ea4 .elementor-icon-list-icon{padding-inline-end:0px;}.elementor-448 .elementor-element.elementor-element-2c72ea4 .elementor-icon-list-text{color:#FFFFFF;transition:color 0.3s;}.elementor-448 .elementor-element.elementor-element-74e045ab > .elementor-container{max-width:1200px;}.elementor-448 .elementor-element.elementor-element-74e045ab > .elementor-background-overlay{opacity:0.14;transition:background 0.3s, border-radius 0.3s, opacity 0.3s;}.elementor-448 .elementor-element.elementor-element-74e045ab{transition:background 0.3s, border 0.3s, border-radius 0.3s, box-shadow 0.3s;margin-top:0px;margin-bottom:0px;padding:50px 0px 50px 0px;}@media(max-width:1024px){.elementor-448 .elementor-element.elementor-element-19a39e6{padding:50px 10px 50px 10px;}.elementor-448 .elementor-element.elementor-element-422fc82 .elementor-heading-title{font-size:var( --e-global-typography-primary-font-size );line-height:var( --e-global-typography-primary-line-height );}.elementor-448 .elementor-element.elementor-element-74e045ab{margin-top:0px;margin-bottom:0px;padding:40px 10px 40px 10px;}}@media(max-width:767px){.elementor-448 .elementor-element.elementor-element-19a39e6{padding:40px 10px 40px 10px;}.elementor-448 .elementor-element.elementor-element-422fc82 .elementor-heading-title{font-size:var( --e-global-typography-primary-font-size );line-height:var( --e-global-typography-primary-line-height );}.elementor-448 .elementor-element.elementor-element-74e045ab{padding:40px 10px 40px 10px;}}<\/style>\t\t<div data-elementor-type=\"wp-page\" data-elementor-id=\"448\" class=\"elementor elementor-448\" data-elementor-post-type=\"page\">\n\t\t\t\t\t\t<section class=\"elementor-section elementor-top-section elementor-element elementor-element-19a39e6 elementor-section-boxed elementor-section-height-default elementor-section-height-default\" data-id=\"19a39e6\" data-element_type=\"section\" data-settings=\"{&quot;background_background&quot;:&quot;classic&quot;}\">\n\t\t\t\t\t\t\t<div class=\"elementor-background-overlay\"><\/div>\n\t\t\t\t\t\t\t<div class=\"elementor-container elementor-column-gap-default\">\n\t\t\t\t\t<div class=\"elementor-column elementor-col-100 elementor-top-column elementor-element elementor-element-49aa825\" data-id=\"49aa825\" data-element_type=\"column\" data-settings=\"{&quot;background_background&quot;:&quot;classic&quot;}\">\n\t\t\t<div class=\"elementor-widget-wrap elementor-element-populated\">\n\t\t\t\t\t\t<div class=\"elementor-element elementor-element-2c72ea4 elementor-icon-list--layout-inline elementor-align-left elementor-list-item-link-full_width elementor-widget elementor-widget-icon-list\" data-id=\"2c72ea4\" data-element_type=\"widget\" data-widget_type=\"icon-list.default\">\n\t\t\t\t<div class=\"elementor-widget-container\">\n\t\t\t\t\t\t\t<ul class=\"elementor-icon-list-items elementor-inline-items\">\n\t\t\t\t\t\t\t<li class=\"elementor-icon-list-item elementor-inline-item\">\n\t\t\t\t\t\t\t\t\t\t\t<a href=\"https:\/\/sosnowica.com\/de\">\n\n\t\t\t\t\t\t\t\t\t\t\t<span class=\"elementor-icon-list-text\">Startseite<\/span>\n\t\t\t\t\t\t\t\t\t\t\t<\/a>\n\t\t\t\t\t\t\t\t\t<\/li>\n\t\t\t\t\t\t\t\t<li class=\"elementor-icon-list-item elementor-inline-item\">\n\t\t\t\t\t\t\t\t\t\t\t<span class=\"elementor-icon-list-icon\">\n\t\t\t\t\t\t\t<svg aria-hidden=\"true\" class=\"e-font-icon-svg e-fas-chevron-right\" viewbox=\"0 0 320 512\" xmlns=\"http:\/\/www.w3.org\/2000\/svg\"><path d=\"M285.476 272.971L91.132 467.314c-9.373 9.373-24.569 9.373-33.941 0l-22.667-22.667c-9.357-9.357-9.375-24.522-.04-33.901L188.505 256 34.484 101.255c-9.335-9.379-9.317-24.544.04-33.901l22.667-22.667c9.373-9.373 24.569-9.373 33.941 0L285.475 239.03c9.373 9.372 9.373 24.568.001 33.941z\"><\/path><\/svg>\t\t\t\t\t\t<\/span>\n\t\t\t\t\t\t\t\t\t\t<span class=\"elementor-icon-list-text\"><\/span>\n\t\t\t\t\t\t\t\t\t<\/li>\n\t\t\t\t\t\t<\/ul>\n\t\t\t\t\t\t<\/div>\n\t\t\t\t<\/div>\n\t\t\t\t\t<\/div>\n\t\t<\/div>\n\t\t\t\t\t<\/div>\n\t\t<\/section>\n\t\t\t\t<section class=\"elementor-section elementor-top-section elementor-element elementor-element-74e045ab elementor-section-boxed elementor-section-height-default elementor-section-height-default\" data-id=\"74e045ab\" data-element_type=\"section\" data-settings=\"{&quot;background_background&quot;:&quot;classic&quot;}\">\n\t\t\t\t\t\t\t<div class=\"elementor-background-overlay\"><\/div>\n\t\t\t\t\t\t\t<div class=\"elementor-container elementor-column-gap-default\">\n\t\t\t\t\t<div class=\"elementor-column elementor-col-100 elementor-top-column elementor-element elementor-element-3f5cb863\" data-id=\"3f5cb863\" data-element_type=\"column\">\n\t\t\t<div class=\"elementor-widget-wrap elementor-element-populated\">\n\t\t\t\t\t\t<div class=\"elementor-element elementor-element-9a018f5 elementor-widget elementor-widget-heading\" data-id=\"9a018f5\" data-element_type=\"widget\" data-widget_type=\"heading.default\">\n\t\t\t\t<div class=\"elementor-widget-container\">\n\t\t\t\t\t<h2 class=\"elementor-heading-title elementor-size-default\">Cookie-Richtlinie<\/h2>\t\t\t\t<\/div>\n\t\t\t\t<\/div>\n\t\t\t\t<div class=\"elementor-element elementor-element-44268ac elementor-widget elementor-widget-text-editor\" data-id=\"44268ac\" data-element_type=\"widget\" data-widget_type=\"text-editor.default\">\n\t\t\t\t<div class=\"elementor-widget-container\">\n\t\t\t\t\t\t\t\t\t<p>Wir verwenden Cookies, um die Effizienz der Website zu verbessern und dem Nutzer immer fortschrittlichere Funktionen anbieten zu k\u00f6nnen.\u00a0<strong>sosnowica.com.pl<\/strong>\u00a0(im Folgenden \u201eWebsite\u201c genannt) und Inhalte, die besser auf den Nutzer zugeschnitten sind. Um Transparenz zu gew\u00e4hrleisten, gilt diese Cookie-Richtlinie, die detaillierte Regeln f\u00fcr die Verwendung von Cookies durch die Website festlegt.<\/p><p>Die \u00fcber Cookies gesammelten Daten werden erfasst von\u00a0<strong>PUH \u201dSOSNOWICA\u201cSCJWI\u0104CKIEWICZ,G.R\u0118BOSZ<\/strong>, Adresse\u00a0<strong>S\u00e4ttel n\/n, 26-050<\/strong>\u00a0<strong>Zagna\u0144sk<\/strong>, Steueridentifikationsnummer:\u00a0<strong>6571026295<\/strong>, REGON-Nummer:\u00a0<strong>290590152<\/strong>. Wenn festgestellt wird, dass es sich bei den in Cookies enthaltenen Daten um personenbezogene Daten handelt\u00a0<strong>PUH \u201dSOSNOWICA\u201cSCJWI\u0104CKIEWICZ,G.R\u0118BOSZ<\/strong>\u00a0wird als Datenverantwortlicher betrachtet, und der Nutzer hat alle darin enthaltenen Rechte\u00a0<a href=\"https:\/\/sosnowica.com.pl\/polityka-prywatnosci\" target=\"_blank\" rel=\"noopener noreferrer noindex\">Datenschutzrichtlinie<\/a>.<\/p><p>Der Nutzer ist jede betroffene Person, die unsere Website und andere damit verbundene Websites, Kommunikationsmittel und Dienste nutzt (nachfolgend \u201eWebsite\u201c genannt).\u00a0<em>Benutzer<\/em>).<br \/><br \/><\/p><ol><li><strong>KEKSE<br \/><br \/><\/strong><p>Cookies sind Textdateien, die auf HTTP-Anfragen an unseren Server antworten. Diese Dateien werden von jedem Browser gespeichert, mit dem Sie unsere Website besuchen. Die in Cookies enthaltenen Informationen helfen uns zu verstehen, wie Nutzer unsere Website verwenden.<\/p><p>Cookies werden verwendet, um einen optimalen Service beim Besuch der Website durch den Benutzer zu gew\u00e4hrleisten und einen schnelleren und einfacheren Zugriff auf Informationen zu erm\u00f6glichen sowie dem Benutzer immer verbesserte Funktionalit\u00e4ten der Website und st\u00e4rker auf den Benutzer zugeschnittene Inhalte anzubieten.<\/p><p>Die gespeicherten Informationen oder der Zugriff darauf f\u00fchren zu keinen Konfigurations\u00e4nderungen am Ger\u00e4t des Benutzers oder an der darauf installierten Software.<\/p><p>Informationen in Cookies gelten nur dann als personenbezogene Daten, wenn sie mit anderen verf\u00fcgbaren personenbezogenen Daten eines Nutzers kombiniert werden. Wir verwenden Cookies ausschlie\u00dflich, um anonyme Daten \u00fcber den Nutzer zu erfassen, die dazu dienen, die Nutzung der Website zu erleichtern und die Auswirkungen von Werbung zu minimieren.<br \/><br \/><\/p><\/li><li><strong>Arten und Zwecke der Verwendung von Cookies<br \/><br \/><\/strong><p>Wir verwenden Cookies und \u00e4hnliche Technologien, um Sie bei Ihren Besuchen auf unserer Website wiederzuerkennen, Ihre Pr\u00e4ferenzen zu speichern und Ihnen relevante, personalisierte Inhalte anzuzeigen. Cookies beschleunigen und optimieren Ihre Interaktion mit uns. Dar\u00fcber hinaus erm\u00f6glichen sie uns, Ihnen auf Sie zugeschnittene Inhalte ohne Umfragen zu pr\u00e4sentieren.<\/p><p>Die Website verwendet zwei Arten von Cookies:<\/p><ul><li>Session-Cookies sind tempor\u00e4re Dateien, die auf dem Ger\u00e4t des Nutzers gespeichert bleiben, bis dieser die Website verl\u00e4sst oder seinen Webbrowser schlie\u00dft. In diesem Fall werden die in Session-Cookies gespeicherten Informationen automatisch gel\u00f6scht.<\/li><li>Permanente Cookies \u2013 das sind Dateien, die f\u00fcr die in den Cookie-Parametern angegebene Dauer oder bis zu ihrer manuellen L\u00f6schung auf dem Ger\u00e4t des Benutzers gespeichert bleiben.<\/li><\/ul><p>Die Website nutzt au\u00dferdem andere verf\u00fcgbare Technologien, die es erm\u00f6glichen, Informationen im Browser in geeigneten Datenspeichern (Session Storage, Local Storage) zu speichern, und ist auch in Codefragmenten von Analysetools anderer Anbieter platziert, die es erm\u00f6glichen, Cookies in den Domains dieser Dienste zu speichern.<\/p><p>Die einzelnen Kategorien von Cookies, die auf unserer Website verwendet werden, werden im Folgenden beschrieben:<\/p><p><strong>Technische Cookies<\/strong>\u00a0Diese Cookies sind f\u00fcr das einwandfreie Funktionieren der Website unerl\u00e4sslich. Sie beziehen sich auf die Funktionalit\u00e4t unserer Websites und erm\u00f6glichen es uns, die \u00fcber unsere Websites angebotenen Dienste zu verbessern. Beispielsweise erm\u00f6glichen sie die \u00dcbertragung von Informationen zwischen Seiten unserer Website, sodass Sie diese nicht erneut eingeben m\u00fcssen, oder sie erkennen Ihre Pr\u00e4ferenzen, wenn Sie unsere Website erneut besuchen.<\/p><p>Wir verwenden sie, um:<\/p><ul><li>Gew\u00e4hrleistung der Sicherheit;<\/li><li>Aufrechterhaltung der Sitzung, wenn der Benutzer sein Kundenkonto besucht und sich anmeldet;<\/li><li>Gew\u00e4hrleistung einer angemessenen Darstellung der Seite \u2013 abh\u00e4ngig vom verwendeten Ger\u00e4t;<\/li><li>Wir passen unsere Dienstleistungen Ihren W\u00fcnschen an;<\/li><li>sich merken, ob der Nutzer der Anzeige bestimmter Inhalte zustimmt.<\/li><\/ul><p><strong>Analyse-Cookies<\/strong>\u00a0Sie erm\u00f6glichen es uns, die Anzahl der Besucher unserer Website zu erfassen, deren Navigationsverhalten zu analysieren und die angesehenen Inhalte sowie deren Interessen zu dokumentieren. So k\u00f6nnen wir feststellen, wie h\u00e4ufig Seiten und Anzeigen aufgerufen werden und welche Bereiche unserer Website besonders beliebt sind. Dadurch k\u00f6nnen wir unsere Services verbessern und sicherstellen, dass unsere Nutzer die gesuchten Informationen finden. Zudem sind sie notwendig, um unseren vertrauensw\u00fcrdigen Partnern die Abrechnung zu erm\u00f6glichen und die Effektivit\u00e4t unserer Marketingaktivit\u00e4ten zu messen, ohne dabei personenbezogene Daten zu identifizieren.<\/p><p>Wir verwenden sie, um:<\/p><ul><li>Analyse der Website-Traffic-Statistiken und \u00dcberpr\u00fcfung der Traffic-Quellen (Weiterleitungsrichtungen);<\/li><li>Erkennung verschiedener Arten von Missbrauch, z. B. k\u00fcnstlicher Internetverkehr (Bots), DDoS-Angriffe;<\/li><li>Einschr\u00e4nkung unerw\u00fcnschter Marketingaktivit\u00e4ten;<\/li><li>Messung der Effektivit\u00e4t von Marketingkampagnen, die f\u00fcr die Website durchgef\u00fchrt werden, z. B. im Google-Werbenetzwerk, in Partnerprogrammen, auf externen Websites;<\/li><li>Abrechnung von Werbedienstleistungen mit Trusted Partners auf Basis der Nutzeraktivit\u00e4t, z. B. Klicks.<\/li><\/ul><p>Marketing-Cookies \u2013 werden nur dann verwendet, wenn der Nutzer zustimmt und nur dann, wenn die Funktionalit\u00e4ten und Werbeformen unserer Website dies erfordern.<\/p><p>Wir verwenden sie, um:<\/p><ul><li>Wir schalten Werbung, die f\u00fcr den jeweiligen Nutzer relevant und interessant ist. Dazu geh\u00f6rt die Profilerstellung von Werbeanzeigen, die sowohl auf externen Webseiten als auch auf unserer Webseite angezeigt werden. Grundlage hierf\u00fcr sind die Produktpr\u00e4ferenzen des Nutzers sowie Daten, die auf unserer Webseite gespeichert sind, einschlie\u00dflich seines Nutzerverhaltens.<\/li><\/ul><p>Beim Besuch der Website k\u00f6nnen Sie die Verwendung von Analyse- und Marketing-Cookies ablehnen. Dadurch k\u00f6nnen wir keine detaillierten Statistiken erfassen und unsere Werbung nicht auf Basis der auf unserer Website gesammelten Informationen personalisieren. Allgemeine Werbung wird jedoch weiterhin sowohl auf unserer Website als auch auf anderen Websites angezeigt.<\/p><p>Wir nutzen Technologien von Google und Meta (Facebook) zur Schaltung von Online-Anzeigen sowie weitere Tools wie Google reCAPTCHA (Spamschutz). Bitte stellen Sie daher sicher, dass Sie der Nutzung dieser Tools, einschlie\u00dflich der Profilerstellung f\u00fcr Online- und Facebook-Werbung, zustimmen. Ihre Datenschutz- und Sicherheitseinstellungen k\u00f6nnen Sie in Ihrem Google-Konto unter g.co\/privacytools einsehen und verwalten. Weitere Informationen zu den Datenschutzbestimmungen von Google, den von Google verwendeten Technologien und den Google-Nutzungsbedingungen finden Sie unter https:\/\/policies.google.com\/privacy?hl=pl#infochoices. Informationen zu den Datenschutzbestimmungen von Meta (Facebook) und zur Verwaltung Ihrer Datenschutzeinstellungen finden Sie unter https:\/\/pl-pl.facebook.com\/privacy\/explanation\/.<\/p><p>Detailliertere Informationen zu den von uns verwendeten Cookies, deren Speicherdauer und der aktuellen Liste externer Unternehmen, deren Dienste wir nutzen oder deren Technologien wir auf unserer Website einsetzen, finden Sie unter\u00a0<a href=\"https:\/\/sosnowica.com.pl\/tabela-cookies\" target=\"_blank\" rel=\"noopener noreferrer noindex\">Kekstabelle<\/a>.<br \/><br \/><\/p><\/li><li><strong>Cookies deaktivieren<br \/><br \/><\/strong><p>Webbrowser erlauben standardm\u00e4\u00dfig das Speichern von Cookies. Wenn Sie keine Cookies erhalten m\u00f6chten, k\u00f6nnen Sie die Browsereinstellungen auf Ihrem Computer oder dem Ger\u00e4t, mit dem Sie auf unsere Website zugreifen, \u00e4ndern. Durch die weitere Nutzung unserer Website ohne \u00c4nderung Ihrer Einstellungen erkl\u00e4ren Sie sich mit dem Empfang technischer Cookies einverstanden, die, wie bereits erw\u00e4hnt, f\u00fcr das ordnungsgem\u00e4\u00dfe Funktionieren der Website erforderlich sind.<\/p><p>Die meisten Webbrowser bieten eine Funktion zum Anzeigen und L\u00f6schen von Cookies, einschlie\u00dflich der Cookies unserer Website. Bitte beachten Sie jedoch, dass die Nichtverf\u00fcgbarkeit von Cookies unserer Website die korrekte Nutzung unserer Website beeintr\u00e4chtigen kann.<\/p><p>Wenn Sie verschiedene Ger\u00e4te verwenden, um auf unsere Website zuzugreifen und sie zu durchsuchen (z. B. Computer, Smartphone, Tablet), sollten Sie sicherstellen, dass jeder Browser auf jedem Ger\u00e4t auf Ihre Cookie-Einstellungen eingestellt ist.<\/p><p>Die Vorgehensweise zum Deaktivieren von Cookies h\u00e4ngt vom verwendeten Browser ab. Im Folgenden finden Sie Anleitungen zum Deaktivieren von Cookies in Google Chrome, Firefox, Safari, Opera und Internet Explorer.<br \/><br \/><\/p><ol><li><strong>Cookies in Google Chrome deaktivieren<br \/><br \/><\/strong><ol><li>In der oberen rechten Ecke der Adressleiste von Google Chrome w\u00e4hlen Sie die drei vertikalen Punkte aus.<\/li><li>W\u00e4hlen\u00a0<em>Einstellungen<\/em>, und dann auf der linken Seite klicken\u00a0<em>Datenschutz und Sicherheit<\/em>.<\/li><li>W\u00e4hlen Sie einen Abschnitt aus\u00a0<em>Cookies von Drittanbietern<\/em>\u00a0und konfigurieren Sie Ihre eigenen Cookie-Einstellungen.<\/li><\/ol><p>Weitere Informationen zu den Google Chrome-Einstellungen:<\/p><a href=\"https:\/\/support.google.com\/accounts\/answer\/61416?hl=pl\" target=\"_blank\" rel=\"nofollow noopener\">https:\/\/support.google.com\/accounts\/answer\/61416?hl=pl<br \/><br \/><\/a><\/li><li><strong>Cookies in Firefox deaktivieren<br \/><br \/><\/strong><ol><li>In der oberen rechten Ecke des Firefox-Fensters w\u00e4hlen Sie die drei horizontalen Linien aus.<\/li><li>W\u00e4hlen\u00a0<em>Einstellungen<\/em>, und dann auf der linken Seite klicken\u00a0<em>Datenschutz und Sicherheit<\/em>.<\/li><li>W\u00e4hlen Sie die passende Sicherheitsstufe oder konfigurieren Sie Ihre eigene.<\/li><\/ol><p>Weitere Informationen zu den Firefox-Einstellungen:<\/p><a href=\"https:\/\/support.mozilla.org\/pl\/kb\/usuwanie-ciasteczek-i-danych-stron-firefox\" target=\"_blank\" rel=\"nofollow noopener\">https:\/\/support.mozilla.org\/pl\/kb\/usuwanie-ciasteczek-i-danych-stron-firefox<br \/><br \/><\/a><\/li><li><strong>Cookies in Safari deaktivieren<br \/><br \/><\/strong><p>W\u00e4hlen Sie einen Men\u00fcbefehl aus\u00a0<em>Safari &gt; Einstellungen<\/em>, klicken Sie auf\u00a0<em>Datenschutz<\/em>, und dann f\u00fchren Sie eine der folgenden Aktionen aus:<\/p><ul><li><em>Alle Cookies blockieren<\/em><\/li><li><em>Website\u00fcbergreifendes Tracking verhindern<\/em><\/li><\/ul><p>Weitere Informationen zu den Safari-Einstellungen:<\/p><a href=\"https:\/\/support.apple.com\/pl-pl\/guide\/safari\/sfri11471\/mac\" target=\"_blank\" rel=\"nofollow noopener\">https:\/\/support.apple.com\/pl-pl\/guide\/safari\/sfri11471\/mac<br \/><br \/><\/a><\/li><li><strong>Cookies im Opera-Browser deaktivieren<br \/><br \/><\/strong><ol><li>In der oberen rechten Ecke der Adressleiste des Opera-Browsers w\u00e4hlen Sie die drei horizontalen Linien aus.<\/li><li>W\u00e4hlen\u00a0<em>Gehe zu den vollst\u00e4ndigen Browsereinstellungen.<\/em><\/li><li>W\u00e4hlen\u00a0<em>Datenschutz und Sicherheit<\/em>, Passen Sie anschlie\u00dfend die Einstellungen Ihren Vorlieben an.<\/li><\/ol><p>Weitere Informationen zu den Opera-Browsereinstellungen:<\/p><a href=\"https:\/\/help.opera.com\/pl\/latest\/web-preferences\/#cookies\" target=\"_blank\" rel=\"nofollow noopener\">https:\/\/help.opera.com\/pl\/latest\/web-preferences\/#cookies<br \/><br \/><\/a><\/li><li><strong>Cookies im Edge-Browser deaktivieren<br \/><br \/><\/strong><ol><li>In der oberen rechten Ecke der Adressleiste des Edge-Browsers w\u00e4hlen Sie die drei horizontalen Punkte aus.<\/li><li>W\u00e4hlen\u00a0<em>Einstellungen<\/em>, und dann auf der linken Seite klicken\u00a0<em>Cookies und Website-Berechtigungen<\/em>.<\/li><li>W\u00e4hlen\u00a0<em>Cookies und Website-Daten verwalten und l\u00f6schen<\/em>.<\/li><li>Passen Sie Ihre Cookie-Einstellungen Ihren Pr\u00e4ferenzen an.<\/li><\/ol><p>Weitere Informationen zu den Edge-Browsereinstellungen:<\/p><a href=\"https:\/\/support.microsoft.com\/pl-pl\/microsoft-edge\/usuwanie-plik%C3%B3w-cookie-w-przegl%C4%85darce-microsoft-edge-63947406-40ac-c3b8-57b9-2a946a29ae09\" target=\"_blank\" rel=\"nofollow noopener\">https:\/\/support.microsoft.com\/pl-pl\/microsoft-edge\/usuwanie-plik%C3%B3w-cookie-w- przegl%C4%85darce-microsoft-edge-63947406-40ac-c3b8-57b9-2a946a29ae09<br \/><br \/><\/a><\/li><\/ol><\/li><li><strong>KONTAKTINFORMATIONEN<br \/><br \/><\/strong><p>Bei Fragen zu dieser Cookie-Richtlinie oder um Informationen dar\u00fcber zu erhalten, kann der Nutzer den Administrator per E-Mail kontaktieren.\u00a0<strong><a href=\"mailto:biuro@sosnowica.com.pl\">biuro@sosnowica.com.pl<\/a><\/strong>\u00a0und per Post an die Adresse des Administrators.<\/p><\/li><\/ol>\t\t\t\t\t\t\t\t<\/div>\n\t\t\t\t<\/div>\n\t\t\t\t\t<\/div>\n\t\t<\/div>\n\t\t\t\t\t<\/div>\n\t\t<\/section>\n\t\t\t\t<\/div>","protected":false},"excerpt":{"rendered":"<p>Strona g\u0142\u00f3wna Polityka Cookies Korzystamy z\u00a0plik\u00f3w cookies w\u00a0celu poprawienia efektywno\u015bci i\u00a0zaproponowania U\u017cytkownikowi coraz doskonalszych funkcjonalno\u015bci serwisu internetowego\u00a0sosnowica.com.pl\u00a0(dalej jako Serwis) oraz\u00a0bardziej dopasowanych do\u00a0U\u017cytkownika tre\u015bci. W\u00a0celu zapewnienia przejrzysto\u015bci dzia\u0142a\u0144 zostaje przyj\u0119ta niniejsza Polityka Cookies, kt\u00f3ra okre\u015bla szczeg\u00f3\u0142owe zasady korzystania przez Serwis internetowy z\u00a0plik\u00f3w cookies. Dane za\u00a0pomoc\u0105 plik\u00f3w cookies gromadzone s\u0105 przez\u00a0PUH ,,SOSNOWICA&#8221;S.C. J.WI\u0104CKIEWICZ,G.R\u0118BOSZ, adres\u00a0Siod\u0142a n\/n, 26-050\u00a0Zagna\u0144sk, numer [&hellip;]<\/p>","protected":false},"author":1,"featured_media":0,"parent":0,"menu_order":0,"comment_status":"closed","ping_status":"closed","template":"elementor_header_footer","meta":{"footnotes":""},"class_list":["post-448","page","type-page","status-publish","hentry"],"_links":{"self":[{"href":"https:\/\/sosnowica.com\/de\/wp-json\/wp\/v2\/pages\/448","targetHints":{"allow":["GET"]}}],"collection":[{"href":"https:\/\/sosnowica.com\/de\/wp-json\/wp\/v2\/pages"}],"about":[{"href":"https:\/\/sosnowica.com\/de\/wp-json\/wp\/v2\/types\/page"}],"author":[{"embeddable":true,"href":"https:\/\/sosnowica.com\/de\/wp-json\/wp\/v2\/users\/1"}],"replies":[{"embeddable":true,"href":"https:\/\/sosnowica.com\/de\/wp-json\/wp\/v2\/comments?post=448"}],"version-history":[{"count":4,"href":"https:\/\/sosnowica.com\/de\/wp-json\/wp\/v2\/pages\/448\/revisions"}],"predecessor-version":[{"id":452,"href":"https:\/\/sosnowica.com\/de\/wp-json\/wp\/v2\/pages\/448\/revisions\/452"}],"wp:attachment":[{"href":"https:\/\/sosnowica.com\/de\/wp-json\/wp\/v2\/media?parent=448"}],"curies":[{"name":"wp","href":"https:\/\/api.w.org\/{rel}","templated":true}]}}