{"id":443,"date":"2025-04-08T15:09:50","date_gmt":"2025-04-08T15:09:50","guid":{"rendered":"https:\/\/sosnowica.com\/?page_id=443"},"modified":"2025-04-08T15:12:39","modified_gmt":"2025-04-08T15:12:39","slug":"polityka-prywatnosci","status":"publish","type":"page","link":"https:\/\/sosnowica.com\/lt\/privatumo-politika\/","title":{"rendered":"Privatumo politika"},"content":{"rendered":"<style>.elementor-443 .elementor-element.elementor-element-19a39e6:not(.elementor-motion-effects-element-type-background), .elementor-443 .elementor-element.elementor-element-19a39e6 > .elementor-motion-effects-container > .elementor-motion-effects-layer{background-color:var( --e-global-color-primary );}.elementor-443 .elementor-element.elementor-element-19a39e6 > .elementor-background-overlay{background-color:#000000;opacity:0.65;transition:background 0.3s, border-radius 0.3s, opacity 0.3s;}.elementor-443 .elementor-element.elementor-element-19a39e6 > .elementor-container{max-width:1250px;}.elementor-443 .elementor-element.elementor-element-19a39e6{transition:background 0.3s, border 0.3s, border-radius 0.3s, box-shadow 0.3s;padding:50px 0px 50px 0px;}.elementor-443 .elementor-element.elementor-element-49aa825 > .elementor-element-populated{transition:background 0.3s, border 0.3s, border-radius 0.3s, box-shadow 0.3s;}.elementor-443 .elementor-element.elementor-element-49aa825 > .elementor-element-populated > .elementor-background-overlay{transition:background 0.3s, border-radius 0.3s, opacity 0.3s;}.elementor-443 .elementor-element.elementor-element-422fc82{text-align:left;}.elementor-443 .elementor-element.elementor-element-422fc82 .elementor-heading-title{font-family:var( --e-global-typography-primary-font-family ), Sans-serif;font-size:var( --e-global-typography-primary-font-size );font-weight:var( --e-global-typography-primary-font-weight );line-height:var( --e-global-typography-primary-line-height );color:#FFFFFF;}.elementor-443 .elementor-element.elementor-element-2c72ea4 .elementor-icon-list-items:not(.elementor-inline-items) .elementor-icon-list-item:not(:last-child){padding-block-end:calc(10px\/2);}.elementor-443 .elementor-element.elementor-element-2c72ea4 .elementor-icon-list-items:not(.elementor-inline-items) .elementor-icon-list-item:not(:first-child){margin-block-start:calc(10px\/2);}.elementor-443 .elementor-element.elementor-element-2c72ea4 .elementor-icon-list-items.elementor-inline-items .elementor-icon-list-item{margin-inline:calc(10px\/2);}.elementor-443 .elementor-element.elementor-element-2c72ea4 .elementor-icon-list-items.elementor-inline-items{margin-inline:calc(-10px\/2);}.elementor-443 .elementor-element.elementor-element-2c72ea4 .elementor-icon-list-items.elementor-inline-items .elementor-icon-list-item:after{inset-inline-end:calc(-10px\/2);}.elementor-443 .elementor-element.elementor-element-2c72ea4 .elementor-icon-list-icon i{color:var( --e-global-color-accent );transition:color 0.3s;}.elementor-443 .elementor-element.elementor-element-2c72ea4 .elementor-icon-list-icon svg{fill:var( --e-global-color-accent );transition:fill 0.3s;}.elementor-443 .elementor-element.elementor-element-2c72ea4{--e-icon-list-icon-size:14px;--icon-vertical-offset:0px;}.elementor-443 .elementor-element.elementor-element-2c72ea4 .elementor-icon-list-icon{padding-inline-end:0px;}.elementor-443 .elementor-element.elementor-element-2c72ea4 .elementor-icon-list-text{color:#FFFFFF;transition:color 0.3s;}.elementor-443 .elementor-element.elementor-element-74e045ab > .elementor-container{max-width:1200px;}.elementor-443 .elementor-element.elementor-element-74e045ab > .elementor-background-overlay{opacity:0.14;transition:background 0.3s, border-radius 0.3s, opacity 0.3s;}.elementor-443 .elementor-element.elementor-element-74e045ab{transition:background 0.3s, border 0.3s, border-radius 0.3s, box-shadow 0.3s;margin-top:0px;margin-bottom:0px;padding:50px 0px 50px 0px;}@media(max-width:1024px){.elementor-443 .elementor-element.elementor-element-19a39e6{padding:50px 10px 50px 10px;}.elementor-443 .elementor-element.elementor-element-422fc82 .elementor-heading-title{font-size:var( --e-global-typography-primary-font-size );line-height:var( --e-global-typography-primary-line-height );}.elementor-443 .elementor-element.elementor-element-74e045ab{margin-top:0px;margin-bottom:0px;padding:40px 10px 40px 10px;}}@media(max-width:767px){.elementor-443 .elementor-element.elementor-element-19a39e6{padding:40px 10px 40px 10px;}.elementor-443 .elementor-element.elementor-element-422fc82 .elementor-heading-title{font-size:var( --e-global-typography-primary-font-size );line-height:var( --e-global-typography-primary-line-height );}.elementor-443 .elementor-element.elementor-element-74e045ab{padding:40px 10px 40px 10px;}}<\/style>\t\t<div data-elementor-type=\"wp-page\" data-elementor-id=\"443\" class=\"elementor elementor-443\" data-elementor-post-type=\"page\">\n\t\t\t\t\t\t<section class=\"elementor-section elementor-top-section elementor-element elementor-element-19a39e6 elementor-section-boxed elementor-section-height-default elementor-section-height-default\" data-id=\"19a39e6\" data-element_type=\"section\" data-settings=\"{&quot;background_background&quot;:&quot;classic&quot;}\">\n\t\t\t\t\t\t\t<div class=\"elementor-background-overlay\"><\/div>\n\t\t\t\t\t\t\t<div class=\"elementor-container elementor-column-gap-default\">\n\t\t\t\t\t<div class=\"elementor-column elementor-col-100 elementor-top-column elementor-element elementor-element-49aa825\" data-id=\"49aa825\" data-element_type=\"column\" data-settings=\"{&quot;background_background&quot;:&quot;classic&quot;}\">\n\t\t\t<div class=\"elementor-widget-wrap elementor-element-populated\">\n\t\t\t\t\t\t<div class=\"elementor-element elementor-element-2c72ea4 elementor-icon-list--layout-inline elementor-align-left elementor-list-item-link-full_width elementor-widget elementor-widget-icon-list\" data-id=\"2c72ea4\" data-element_type=\"widget\" data-widget_type=\"icon-list.default\">\n\t\t\t\t<div class=\"elementor-widget-container\">\n\t\t\t\t\t\t\t<ul class=\"elementor-icon-list-items elementor-inline-items\">\n\t\t\t\t\t\t\t<li class=\"elementor-icon-list-item elementor-inline-item\">\n\t\t\t\t\t\t\t\t\t\t\t<a href=\"https:\/\/sosnowica.com\/lt\">\n\n\t\t\t\t\t\t\t\t\t\t\t<span class=\"elementor-icon-list-text\">Pagrindinis puslapis<\/span>\n\t\t\t\t\t\t\t\t\t\t\t<\/a>\n\t\t\t\t\t\t\t\t\t<\/li>\n\t\t\t\t\t\t\t\t<li class=\"elementor-icon-list-item elementor-inline-item\">\n\t\t\t\t\t\t\t\t\t\t\t<span class=\"elementor-icon-list-icon\">\n\t\t\t\t\t\t\t<svg aria-hidden=\"true\" class=\"e-font-icon-svg e-fas-chevron-right\" viewbox=\"0 0 320 512\" xmlns=\"http:\/\/www.w3.org\/2000\/svg\"><path d=\"M285.476 272.971L91.132 467.314c-9.373 9.373-24.569 9.373-33.941 0l-22.667-22.667c-9.357-9.357-9.375-24.522-.04-33.901L188.505 256 34.484 101.255c-9.335-9.379-9.317-24.544.04-33.901l22.667-22.667c9.373-9.373 24.569-9.373 33.941 0L285.475 239.03c9.373 9.372 9.373 24.568.001 33.941z\"><\/path><\/svg>\t\t\t\t\t\t<\/span>\n\t\t\t\t\t\t\t\t\t\t<span class=\"elementor-icon-list-text\"><\/span>\n\t\t\t\t\t\t\t\t\t<\/li>\n\t\t\t\t\t\t<\/ul>\n\t\t\t\t\t\t<\/div>\n\t\t\t\t<\/div>\n\t\t\t\t\t<\/div>\n\t\t<\/div>\n\t\t\t\t\t<\/div>\n\t\t<\/section>\n\t\t\t\t<section class=\"elementor-section elementor-top-section elementor-element elementor-element-74e045ab elementor-section-boxed elementor-section-height-default elementor-section-height-default\" data-id=\"74e045ab\" data-element_type=\"section\" data-settings=\"{&quot;background_background&quot;:&quot;classic&quot;}\">\n\t\t\t\t\t\t\t<div class=\"elementor-background-overlay\"><\/div>\n\t\t\t\t\t\t\t<div class=\"elementor-container elementor-column-gap-default\">\n\t\t\t\t\t<div class=\"elementor-column elementor-col-100 elementor-top-column elementor-element elementor-element-3f5cb863\" data-id=\"3f5cb863\" data-element_type=\"column\">\n\t\t\t<div class=\"elementor-widget-wrap elementor-element-populated\">\n\t\t\t\t\t\t<div class=\"elementor-element elementor-element-9a018f5 elementor-widget elementor-widget-heading\" data-id=\"9a018f5\" data-element_type=\"widget\" data-widget_type=\"heading.default\">\n\t\t\t\t<div class=\"elementor-widget-container\">\n\t\t\t\t\t<h2 class=\"elementor-heading-title elementor-size-default\">Svetain\u0117s sosnowica.com.pl privatumo politika<\/h2>\t\t\t\t<\/div>\n\t\t\t\t<\/div>\n\t\t\t\t<div class=\"elementor-element elementor-element-44268ac elementor-widget elementor-widget-text-editor\" data-id=\"44268ac\" data-element_type=\"widget\" data-widget_type=\"text-editor.default\">\n\t\t\t\t<div class=\"elementor-widget-container\">\n\t\t\t\t\t\t\t\t\t<p>Vartotoj\u0173 privatumo apsauga mums yra svarbi.\u00a0<strong>PUH &quot;SOSNOWICA&quot;SCJWI\u0104CKIEWICZ, G.R\u0118BOSZ<\/strong>\u00a0ypa\u010d svarbu. D\u0117l \u0161ios prie\u017easties svetain\u0117s naudotojai\u00a0<strong>sosnowica.com.pl<\/strong>\u00a0garantuojami auk\u0161ti privatumo apsaugos standartai.\u00a0<strong>PUH &quot;SOSNOWICA&quot;SCJWI\u0104CKIEWICZ, G.R\u0118BOSZ<\/strong>\u00a0kaip Duomen\u0173 administratorius u\u017etikrina Vartotoj\u0173 pateikt\u0173 duomen\u0173 saugum\u0105.<\/p><p>Administratoriaus tikslas taip pat yra tinkamai informuoti Vartotojus apie j\u0173 teises ir pareigas, susijusias su asmens duomen\u0173 tvarkymu, ypa\u010d atsi\u017evelgiant \u012f asmens duomen\u0173 apsaugos nuostatas, i\u0161d\u0117stytas 2016 m. baland\u017eio 27 d. Europos Parlamento ir Tarybos reglamente (ES) 2016\/679 d\u0117l fizini\u0173 asmen\u0173 apsaugos tvarkant asmens duomenis ir d\u0117l laisvo toki\u0173 duomen\u0173 jud\u0117jimo, kuriuo panaikinama Direktyva 95\/46\/EB (toliau \u2013 BDAR). Tod\u0117l, siekdamas apsaugoti Svetain\u0117s Vartotoj\u0173 privatum\u0105, \u0161iame dokumente Administratorius informuoja apie Vartotoj\u0173 pateikt\u0173 asmens duomen\u0173, susijusi\u0173 su j\u0173 naudojimusi Svetaine, tvarkymo teisin\u012f pagrind\u0105.\u00a0<strong>sosnowica.com.pl<\/strong>\u00a0<em>(toliau \u2013 \u201eSvetain\u0117\u201d)<\/em>, asmens duomen\u0173 rinkimo, tvarkymo ir apsaugos metodai, taip pat Vartotoj\u0173 teis\u0117s.<\/p><p>Vartotojas yra bet kuris fizinis asmuo, kurio duomenys tvarkomi ir kuris naudojasi svetaine.\u00a0<strong>sosnowica.com.pl<\/strong>\u00a0arba elektronines paslaugas, teikiamas per Svetain\u0119.<\/p><p>Svetain\u0117je Vartotojo pateikt\u0173 asmens duomen\u0173 administratorius\u00a0<strong>sosnowica.com.pl<\/strong>\u00a0Yra\u00a0<strong>PUH &quot;SOSNOWICA&quot;SCJWI\u0104CKIEWICZ,G.R\u0118BOSZ, Siodla n\/n, 26-050 Zagna\u0144sk, NIP 6571026295,\u00a0<\/strong><em>(toliau \u2013 \u201eAdministratorius\u201d)<\/em>.<br \/><br \/><\/p><ol><li><strong>NAUDOTOJO SUTIKIMAS<br \/><\/strong><br \/><p>Svetain\u0117s naudojimas\u00a0<strong>sosnowica.com.pl<\/strong>\u00a0Vartotojo sutikimas rei\u0161kia, kad Vartotojas sutinka, jog Administratorius rinkt\u0173 ir naudot\u0173 asmens duomenis pagal \u0161i\u0105 Privatumo politik\u0105.<\/p><p>Svetain\u0117s naudotojo asmens duomenis Administratorius tvarko remdamasis naudotojo sutikimu ir, tam tikrais \u0161iame dokumente apra\u0161ytais atvejais, vadovaudamasis teis\u0117tu Administratoriaus interesu. Naudotojas turi teis\u0119 bet kuriuo metu at\u0161aukti anks\u010diau duot\u0105 sutikim\u0105. Sutikimo at\u0161aukimas neturi \u012ftakos sutikimu pagr\u012fsto tvarkymo iki jo at\u0161aukimo teis\u0117tumui.<\/p><p>Jei \u0161i Privatumo politika pasikei\u010dia ir Vartotojas toliau naudojasi Svetaine, tai bus laikoma sutikimu su dabartin\u0117mis Privatumo politikos s\u0105lygomis.<br \/><br \/><\/p><\/li><li><strong>ADMINISTRATORIAUS TVARKOMI ASMENINIAI DUOMENYS<br \/><br \/><\/strong><ol><li><strong>Asmens duomen\u0173 gavimo b\u016bdas<\/strong><p>Administratorius gauna asmens duomenis tiesiogiai i\u0161 Vartotojo per Svetain\u0119, naudodamasis joje esan\u010diomis funkcijomis ir komunikacijos priemon\u0117mis, taip pat si\u0173sdamas prane\u0161imus Administratoriui per jas.<\/p><p>Vartotojo asmens duomen\u0173 teikimas yra savanori\u0161kas.<\/p><\/li><li><strong>Tvarkom\u0173 asmens duomen\u0173 r\u016b\u0161ys<\/strong><p>Administratorius per Svetain\u0119 renka \u0161iuos Vartotojo asmens duomenis:<\/p><ol><li>Vardas ir pavard\u0117;<\/li><li>El. pa\u0161to adresas;<\/li><li>Telefono numeris;<\/li><li>\u017dinut\u0117s turinys.<br \/><br \/><\/li><\/ol><\/li><\/ol><\/li><li><strong>ASMENS DUOMEN\u0172 TVARKYMO TIKSLAI<br \/><br \/><\/strong><p>Tai, kaip Administratorius tvarko Vartotojo duomenis, priklauso nuo to, kaip Vartotojas naudojasi Svetaine ir joje esan\u010diomis funkcijomis. Administratorius tvarko Vartotojo asmens duomenis \u0161iais tikslais:<\/p><ol><li><strong>Bendravimas su Vartotoju.<\/strong><p>Administratorius naudoja Vartotoj\u0173 asmens duomenis, kad gal\u0117t\u0173 su jais bendrauti suasmenintu b\u016bdu. Vartotojui pateikiama informacija yra susijusi su si\u016blomais produktais ar paslaugomis, asmens duomen\u0173 saugumu, tinklo atnaujinimais, priminimais, taip pat su Administratoriaus ar jo partneri\u0173 pasi\u016blymais. Bendravimas su Vartotoju taip pat susij\u0119s su Vartotojo aptarnavimu. Asmens duomenys naudojami siekiant pad\u0117ti Vartotojui, spr\u0119sti technines problemas ir reaguoti \u012f skundus ar pretenzijas.<\/p><\/li><li><strong>Suteikti vartotojui galimyb\u0119 pateikti komentarus ar nuomones.<\/strong><p>Administratorius naudoja Vartotojo asmens duomenis, kad jis gal\u0117t\u0173 komentuoti \/ reik\u0161ti nuomon\u0119 apie Administratoriaus arba su juo bendradarbiaujan\u010di\u0173 subjekt\u0173 veikl\u0105, paslaugas ar produktus.<\/p><\/li><\/ol><p>Administratorius taip pat gali tvarkyti per Svetain\u0119 gautus Vartotojo asmens duomenis \u0161iais tikslais:<\/p><ol><li>siekiant sudaryti ir \u012fvykdyti galim\u0105 sutart\u012f tarp Vartotojo ir Duomen\u0173 valdytojo ir aptarnauti Vartotoj\u0105 kaip Duomen\u0173 valdytojo klient\u0105 pagal BDAR 6 straipsnio 1 dalies b punkt\u0105;<\/li><li>siekiant atlikti finansinius atsiskaitymus su Vartotoju, kuris yra Duomen\u0173 valdytojo klientas, vykdant galim\u0105 \u0161ali\u0173 sudaryt\u0105 susitarim\u0105, taip pat siekiant pareik\u0161ti galimus Vartotojo, kuris yra klientas, reikalavimus, remiantis Duomen\u0173 valdytojo teis\u0117tu interesu pagal BDAR 6 straipsnio 1 dalies f punkt\u0105, ir \u012fvykdyti Duomen\u0173 valdytojo teisines prievoles mokes\u010di\u0173 administratoriams remiantis atskiromis nuostatomis pagal BDAR 6 straipsnio 1 dalies c punkt\u0105;<\/li><li>siekiant \u012fgyvendinti Duomen\u0173 valdytojo rinkodaros veikl\u0105, vadovaujantis Duomen\u0173 valdytojo teis\u0117tu interesu, kaip apibr\u0117\u017eta BDAR 6 straipsnio 1 dalies f punkte, taip pat laikantis Duomen\u0173 valdytojui pateikt\u0173 ketinim\u0173 parei\u0161kim\u0173 d\u0117l rinkodaros prane\u0161im\u0173. Sutikimai, duoti rinkodaros prane\u0161im\u0173 srityje (pvz., si\u0173sti komercin\u0119 informacij\u0105 elektronin\u0117mis priemon\u0117mis arba telefonu tiesiogin\u0117s rinkodaros tikslais), gali b\u016bti bet kada at\u0161aukti, nedarant poveikio sutikimu pagr\u012fsto tvarkymo iki jo at\u0161aukimo teis\u0117tumui;<\/li><li>siekiant \u012fvykdyti BDAR nurodytus Administratoriaus teisinius \u012fsipareigojimus Vartotojo at\u017evilgiu, kaip apibr\u0117\u017eta BDAR 6 straipsnio 1 dalies c punkte.<br \/><br \/><\/li><\/ol><\/li><li><strong>ASMENINI\u0172 DUOMEN\u0172 DALIJIMASIS<br \/><br \/><\/strong><p>Vartotojo asmens duomenys yra arba gali b\u016bti perduodami \u0161i\u0173 kategorij\u0173 gav\u0117jams:<\/p><ol><li>reklamos ar rinkodaros paslaug\u0173 teik\u0117jai.<br \/><br \/><\/li><\/ol><\/li><li><strong>NAUDOTOJO TEIS\u0116S<br \/><br \/><\/strong><ol><li><strong>Vartotojo teis\u0117s<\/strong><p>Kiekviename duomen\u0173 tvarkymo etape vartotojui suteikiama daug teisi\u0173, leid\u017eian\u010di\u0173 jam susipa\u017einti su savo duomenimis, patikrinti duomen\u0173 tvarkymo teisingum\u0105, juos i\u0161taisyti, taip pat teis\u0119 nesutikti su j\u0173 tvarkymu, gali pra\u0161yti i\u0161trinti duomenis, apriboti j\u0173 tvarkym\u0105 arba juos perkelti.<\/p><p>Jei Vartotojas pageidauja pasinaudoti savo, kaip asmens duomen\u0173 subjekto, teis\u0117mis, jis gali susisiekti su Administratoriumi, naudodamasis \u0161iais kontaktiniais duomenimis:\u00a0<strong>PUH &quot;SOSNOWICA&quot;SCJWI\u0104CKIEWICZ,G.R\u0118BOSZ, Siodla n\/n, 26-050 Zagna\u0144sk,\u00a0<a href=\"mailto:biuro@sosnowica.com.pl\">biuro@sosnowica.com.pl<\/a>.<\/strong><\/p><\/li><li><strong>Teis\u0117 pateikti skund\u0105 prie\u017ei\u016bros institucijai<\/strong><p>Vartotojas, kurio asmens duomenis tvarko Administratorius, turi teis\u0119 pateikti skund\u0105 prie\u017ei\u016bros institucijai, kompetentingai asmens duomen\u0173 apsaugos klausimais (Asmens duomen\u0173 apsaugos biuro pirmininkui).<br \/><br \/><\/p><\/li><\/ol><\/li><li><strong>SLAPUKAI<br \/><br \/><\/strong><ol><li style=\"list-style-type: none;\"><ol>Administratorius informuoja, kad naudojantis Svetaine, Vartotojo galiniame \u012frenginyje i\u0161saugomi kodo fragmentai, vadinami \u201eslapukais\u201d. Tai tekstiniai failai, atitinkantys HTTP u\u017eklausas, siun\u010diamas Administratoriaus serveriui. Slapukus \u012fdiegia kiekviena nar\u0161ykl\u0117, kuri\u0105 Vartotojas naudoja lankydamasis Svetain\u0117je. Slapukai Svetain\u0117je naudojami siekiant:<li style=\"list-style-type: none;\"><ol><li>palaikyti technin\u012f teisingum\u0105 ir sesijos tarp Svetain\u0117s serverio ir Vartotojo galinio \u012frenginio t\u0119stinum\u0105;<\/li><li>optimizuoti Vartotojo naudojim\u0105si Svetain\u0117s tinklalapiais ir pritaikyti juos prie j\u0173 rodymo Vartotojo galiniame \u012frenginyje;<\/li><li>u\u017etikrinant saug\u0173 naudojim\u0105si Svetaine;<\/li><li>rinkti Svetain\u0117s puslapi\u0173 lankymo statistik\u0105, siekiant tobulinti j\u0173 strukt\u016br\u0105 ir turin\u012f;<\/li><li>rodyti turin\u012f, pritaikyt\u0105 prie Vartotojo pageidavim\u0173 Vartotojo galiniame \u012frenginyje.<\/li><\/ol><\/li><\/ol><\/li><\/ol><p>I\u0161sami\u0105 informacij\u0105 apie Administratoriaus naudojamus slapukus ir j\u0173 valdym\u0105 galite rasti\u00a0<a href=\"https:\/\/sosnowica.com.pl\/polityka-cookies\" target=\"_blank\" rel=\"noopener noreferrer noindex\">Slapuk\u0173 politika<\/a>.<br \/><br \/><\/p><\/li><li><strong>KITA SVARBI INFORMACIJA<br \/><br \/><\/strong><ol><li><strong>Asmens duomen\u0173 saugumo apsauga<\/strong><p>Administratorius \u012fgyvendina tinkamas priemones Vartotoj\u0173 asmens duomen\u0173 saugumui u\u017etikrinti. Saug\u0173 Svetain\u0117s naudojim\u0105 u\u017etikrina sistemos ir proced\u016bros, apsaugan\u010dios nuo neteis\u0117tos prieigos ir duomen\u0173 atskleidimo. Be to, Administratoriaus naudojamos sistemos ir procesai yra reguliariai stebimi, siekiant aptikti galimas gr\u0117smes. Administratoriaus gauti asmens duomenys saugomi kompiuterin\u0117se sistemose, prie kuri\u0173 prieiga yra grie\u017etai ribojama.<\/p><\/li><li><strong>Asmens duomen\u0173 saugojimas<\/strong><p>Vartotoj\u0173 asmens duomen\u0173 saugojimo laikotarpis priklauso nuo Administratoriaus atliekamo duomen\u0173 tvarkymo tiksl\u0173.<br \/>Administratorius saugo asmens duomenis tiek laiko, kiek reikia konkretiems tikslams pasiekti, t. y.:<\/p><ul><li>paslaugos teikimo \/ produkto pristatymo Vartotojui atveju \u2013 laikotarpiui, kuris yra b\u016btinas Administratoriui u\u017esakytai paslaugai atlikti arba produktui pristatyti Vartotojui.<\/li><\/ul><p>Kiekvienu i\u0161 auk\u0161\u010diau nurodyt\u0173 atvej\u0173, pasibaigus b\u016btinam tvarkymo laikotarpiui, duomenys gali b\u016bti tvarkomi tik siekiant \u012fvykdyti i\u0161 \u0161ali\u0173 santyki\u0173 kylan\u010dius reikalavimus, kol tokie reikalavimai bus galutinai i\u0161spr\u0119sti teisin\u0117mis priemon\u0117mis.<\/p><\/li><li><strong>Privatumo politikos pakeitimai<\/strong><p>Siekiant atnaujinti \u0161ioje Privatumo politikoje pateikt\u0105 informacij\u0105 ir u\u017etikrinti jos atitikt\u012f taikytiniems teis\u0117s aktams, \u0161i Privatumo politika gali b\u016bti kei\u010diama. Jei Privatumo politika pasikeis, pasikeis ir teksto pabaigoje nurodyta atnaujinimo data. Nor\u0117dami gauti informacijos apie tai, kaip yra saugomi asmens duomenys, Administratorius rekomenduoja Vartotojams reguliariai per\u017ei\u016br\u0117ti Privatumo politikos nuostatas.<\/p><\/li><li><strong>Kontaktin\u0117 informacija<\/strong><p>Nor\u0117damas gauti bet koki\u0105 informacij\u0105 apie \u0161i\u0105 Privatumo politik\u0105, Vartotojas gali susisiekti su Asmens duomen\u0173 administratoriumi:\u00a0<strong>PUH &quot;SOSNOWICA&quot;SCJWI\u0104CKIEWICZ,G.R\u0118BOSZ, Siodla n\/n, 26-050 Zagna\u0144sk,\u00a0<\/strong>naudodamiesi \u0161iais kontaktiniais duomenimis:\u00a0<strong><a href=\"mailto:biuro@sosnowica.com.pl\">biuro@sosnowica.com.pl<\/a>.<\/strong><\/p><p>Be to, galite susisiekti su mumis pa\u0161tu adresu:\u00a0<strong>Balnai n\/n, 26-050 Zagna\u0144sk<\/strong>.<\/p><\/li><\/ol><\/li><\/ol><p>\u0160is dokumentas paskutin\u012f kart\u0105 atnaujintas 2024-05-08.<\/p>\t\t\t\t\t\t\t\t<\/div>\n\t\t\t\t<\/div>\n\t\t\t\t\t<\/div>\n\t\t<\/div>\n\t\t\t\t\t<\/div>\n\t\t<\/section>\n\t\t\t\t<\/div>","protected":false},"excerpt":{"rendered":"<p>Strona g\u0142\u00f3wna Polityka prywatno\u015bci Serwisu sosnowica.com.pl Ochrona prywatno\u015bci U\u017cytkownik\u00f3w jest dla\u00a0PUH ,,SOSNOWICA&#8221;S.C. J.WI\u0104CKIEWICZ,G.R\u0118BOSZ\u00a0szczeg\u00f3lnie wa\u017cna. Z\u00a0tego wzgl\u0119du U\u017cytkownicy Serwisu\u00a0sosnowica.com.pl\u00a0maj\u0105 zagwarantowane wysokie standardy ochrony prywatno\u015bci.\u00a0PUH ,,SOSNOWICA&#8221;S.C. J.WI\u0104CKIEWICZ,G.R\u0118BOSZ\u00a0jako Administrator danych dba o\u00a0bezpiecze\u0144stwo udost\u0119pnionych przez U\u017cytkownik\u00f3w danych. Celem Administratora jest r\u00f3wnie\u017c nale\u017cyte informowanie U\u017cytkownik\u00f3w o\u00a0prawach i\u00a0obowi\u0105zkach zwi\u0105zanych z\u00a0przetwarzaniem danych osobowych, szczeg\u00f3lnie wobec tre\u015bci przepis\u00f3w o\u00a0ochronie danych osobowych okre\u015blonych w\u00a0rozporz\u0105dzeniu [&hellip;]<\/p>","protected":false},"author":1,"featured_media":0,"parent":0,"menu_order":0,"comment_status":"closed","ping_status":"closed","template":"elementor_header_footer","meta":{"footnotes":""},"class_list":["post-443","page","type-page","status-publish","hentry"],"_links":{"self":[{"href":"https:\/\/sosnowica.com\/lt\/wp-json\/wp\/v2\/pages\/443","targetHints":{"allow":["GET"]}}],"collection":[{"href":"https:\/\/sosnowica.com\/lt\/wp-json\/wp\/v2\/pages"}],"about":[{"href":"https:\/\/sosnowica.com\/lt\/wp-json\/wp\/v2\/types\/page"}],"author":[{"embeddable":true,"href":"https:\/\/sosnowica.com\/lt\/wp-json\/wp\/v2\/users\/1"}],"replies":[{"embeddable":true,"href":"https:\/\/sosnowica.com\/lt\/wp-json\/wp\/v2\/comments?post=443"}],"version-history":[{"count":4,"href":"https:\/\/sosnowica.com\/lt\/wp-json\/wp\/v2\/pages\/443\/revisions"}],"predecessor-version":[{"id":447,"href":"https:\/\/sosnowica.com\/lt\/wp-json\/wp\/v2\/pages\/443\/revisions\/447"}],"wp:attachment":[{"href":"https:\/\/sosnowica.com\/lt\/wp-json\/wp\/v2\/media?parent=443"}],"curies":[{"name":"wp","href":"https:\/\/api.w.org\/{rel}","templated":true}]}}