{"id":448,"date":"2025-04-08T15:12:57","date_gmt":"2025-04-08T15:12:57","guid":{"rendered":"https:\/\/sosnowica.com\/?page_id=448"},"modified":"2025-04-08T15:13:45","modified_gmt":"2025-04-08T15:13:45","slug":"polityka-cookies","status":"publish","type":"page","link":"https:\/\/sosnowica.com\/lt\/slapuku-politika\/","title":{"rendered":"Slapuk\u0173 politika"},"content":{"rendered":"<style>.elementor-448 .elementor-element.elementor-element-19a39e6:not(.elementor-motion-effects-element-type-background), .elementor-448 .elementor-element.elementor-element-19a39e6 > .elementor-motion-effects-container > .elementor-motion-effects-layer{background-color:var( --e-global-color-primary );}.elementor-448 .elementor-element.elementor-element-19a39e6 > .elementor-background-overlay{background-color:#000000;opacity:0.65;transition:background 0.3s, border-radius 0.3s, opacity 0.3s;}.elementor-448 .elementor-element.elementor-element-19a39e6 > .elementor-container{max-width:1250px;}.elementor-448 .elementor-element.elementor-element-19a39e6{transition:background 0.3s, border 0.3s, border-radius 0.3s, box-shadow 0.3s;padding:50px 0px 50px 0px;}.elementor-448 .elementor-element.elementor-element-49aa825 > .elementor-element-populated{transition:background 0.3s, border 0.3s, border-radius 0.3s, box-shadow 0.3s;}.elementor-448 .elementor-element.elementor-element-49aa825 > .elementor-element-populated > .elementor-background-overlay{transition:background 0.3s, border-radius 0.3s, opacity 0.3s;}.elementor-448 .elementor-element.elementor-element-422fc82{text-align:left;}.elementor-448 .elementor-element.elementor-element-422fc82 .elementor-heading-title{font-family:var( --e-global-typography-primary-font-family ), Sans-serif;font-size:var( --e-global-typography-primary-font-size );font-weight:var( --e-global-typography-primary-font-weight );line-height:var( --e-global-typography-primary-line-height );color:#FFFFFF;}.elementor-448 .elementor-element.elementor-element-2c72ea4 .elementor-icon-list-items:not(.elementor-inline-items) .elementor-icon-list-item:not(:last-child){padding-block-end:calc(10px\/2);}.elementor-448 .elementor-element.elementor-element-2c72ea4 .elementor-icon-list-items:not(.elementor-inline-items) .elementor-icon-list-item:not(:first-child){margin-block-start:calc(10px\/2);}.elementor-448 .elementor-element.elementor-element-2c72ea4 .elementor-icon-list-items.elementor-inline-items .elementor-icon-list-item{margin-inline:calc(10px\/2);}.elementor-448 .elementor-element.elementor-element-2c72ea4 .elementor-icon-list-items.elementor-inline-items{margin-inline:calc(-10px\/2);}.elementor-448 .elementor-element.elementor-element-2c72ea4 .elementor-icon-list-items.elementor-inline-items .elementor-icon-list-item:after{inset-inline-end:calc(-10px\/2);}.elementor-448 .elementor-element.elementor-element-2c72ea4 .elementor-icon-list-icon i{color:var( --e-global-color-accent );transition:color 0.3s;}.elementor-448 .elementor-element.elementor-element-2c72ea4 .elementor-icon-list-icon svg{fill:var( --e-global-color-accent );transition:fill 0.3s;}.elementor-448 .elementor-element.elementor-element-2c72ea4{--e-icon-list-icon-size:14px;--icon-vertical-offset:0px;}.elementor-448 .elementor-element.elementor-element-2c72ea4 .elementor-icon-list-icon{padding-inline-end:0px;}.elementor-448 .elementor-element.elementor-element-2c72ea4 .elementor-icon-list-text{color:#FFFFFF;transition:color 0.3s;}.elementor-448 .elementor-element.elementor-element-74e045ab > .elementor-container{max-width:1200px;}.elementor-448 .elementor-element.elementor-element-74e045ab > .elementor-background-overlay{opacity:0.14;transition:background 0.3s, border-radius 0.3s, opacity 0.3s;}.elementor-448 .elementor-element.elementor-element-74e045ab{transition:background 0.3s, border 0.3s, border-radius 0.3s, box-shadow 0.3s;margin-top:0px;margin-bottom:0px;padding:50px 0px 50px 0px;}@media(max-width:1024px){.elementor-448 .elementor-element.elementor-element-19a39e6{padding:50px 10px 50px 10px;}.elementor-448 .elementor-element.elementor-element-422fc82 .elementor-heading-title{font-size:var( --e-global-typography-primary-font-size );line-height:var( --e-global-typography-primary-line-height );}.elementor-448 .elementor-element.elementor-element-74e045ab{margin-top:0px;margin-bottom:0px;padding:40px 10px 40px 10px;}}@media(max-width:767px){.elementor-448 .elementor-element.elementor-element-19a39e6{padding:40px 10px 40px 10px;}.elementor-448 .elementor-element.elementor-element-422fc82 .elementor-heading-title{font-size:var( --e-global-typography-primary-font-size );line-height:var( --e-global-typography-primary-line-height );}.elementor-448 .elementor-element.elementor-element-74e045ab{padding:40px 10px 40px 10px;}}<\/style>\t\t<div data-elementor-type=\"wp-page\" data-elementor-id=\"448\" class=\"elementor elementor-448\" data-elementor-post-type=\"page\">\n\t\t\t\t\t\t<section class=\"elementor-section elementor-top-section elementor-element elementor-element-19a39e6 elementor-section-boxed elementor-section-height-default elementor-section-height-default\" data-id=\"19a39e6\" data-element_type=\"section\" data-settings=\"{&quot;background_background&quot;:&quot;classic&quot;}\">\n\t\t\t\t\t\t\t<div class=\"elementor-background-overlay\"><\/div>\n\t\t\t\t\t\t\t<div class=\"elementor-container elementor-column-gap-default\">\n\t\t\t\t\t<div class=\"elementor-column elementor-col-100 elementor-top-column elementor-element elementor-element-49aa825\" data-id=\"49aa825\" data-element_type=\"column\" data-settings=\"{&quot;background_background&quot;:&quot;classic&quot;}\">\n\t\t\t<div class=\"elementor-widget-wrap elementor-element-populated\">\n\t\t\t\t\t\t<div class=\"elementor-element elementor-element-2c72ea4 elementor-icon-list--layout-inline elementor-align-left elementor-list-item-link-full_width elementor-widget elementor-widget-icon-list\" data-id=\"2c72ea4\" data-element_type=\"widget\" data-widget_type=\"icon-list.default\">\n\t\t\t\t<div class=\"elementor-widget-container\">\n\t\t\t\t\t\t\t<ul class=\"elementor-icon-list-items elementor-inline-items\">\n\t\t\t\t\t\t\t<li class=\"elementor-icon-list-item elementor-inline-item\">\n\t\t\t\t\t\t\t\t\t\t\t<a href=\"https:\/\/sosnowica.com\/lt\">\n\n\t\t\t\t\t\t\t\t\t\t\t<span class=\"elementor-icon-list-text\">Pagrindinis puslapis<\/span>\n\t\t\t\t\t\t\t\t\t\t\t<\/a>\n\t\t\t\t\t\t\t\t\t<\/li>\n\t\t\t\t\t\t\t\t<li class=\"elementor-icon-list-item elementor-inline-item\">\n\t\t\t\t\t\t\t\t\t\t\t<span class=\"elementor-icon-list-icon\">\n\t\t\t\t\t\t\t<svg aria-hidden=\"true\" class=\"e-font-icon-svg e-fas-chevron-right\" viewbox=\"0 0 320 512\" xmlns=\"http:\/\/www.w3.org\/2000\/svg\"><path d=\"M285.476 272.971L91.132 467.314c-9.373 9.373-24.569 9.373-33.941 0l-22.667-22.667c-9.357-9.357-9.375-24.522-.04-33.901L188.505 256 34.484 101.255c-9.335-9.379-9.317-24.544.04-33.901l22.667-22.667c9.373-9.373 24.569-9.373 33.941 0L285.475 239.03c9.373 9.372 9.373 24.568.001 33.941z\"><\/path><\/svg>\t\t\t\t\t\t<\/span>\n\t\t\t\t\t\t\t\t\t\t<span class=\"elementor-icon-list-text\"><\/span>\n\t\t\t\t\t\t\t\t\t<\/li>\n\t\t\t\t\t\t<\/ul>\n\t\t\t\t\t\t<\/div>\n\t\t\t\t<\/div>\n\t\t\t\t\t<\/div>\n\t\t<\/div>\n\t\t\t\t\t<\/div>\n\t\t<\/section>\n\t\t\t\t<section class=\"elementor-section elementor-top-section elementor-element elementor-element-74e045ab elementor-section-boxed elementor-section-height-default elementor-section-height-default\" data-id=\"74e045ab\" data-element_type=\"section\" data-settings=\"{&quot;background_background&quot;:&quot;classic&quot;}\">\n\t\t\t\t\t\t\t<div class=\"elementor-background-overlay\"><\/div>\n\t\t\t\t\t\t\t<div class=\"elementor-container elementor-column-gap-default\">\n\t\t\t\t\t<div class=\"elementor-column elementor-col-100 elementor-top-column elementor-element elementor-element-3f5cb863\" data-id=\"3f5cb863\" data-element_type=\"column\">\n\t\t\t<div class=\"elementor-widget-wrap elementor-element-populated\">\n\t\t\t\t\t\t<div class=\"elementor-element elementor-element-9a018f5 elementor-widget elementor-widget-heading\" data-id=\"9a018f5\" data-element_type=\"widget\" data-widget_type=\"heading.default\">\n\t\t\t\t<div class=\"elementor-widget-container\">\n\t\t\t\t\t<h2 class=\"elementor-heading-title elementor-size-default\">Slapuk\u0173 politika<\/h2>\t\t\t\t<\/div>\n\t\t\t\t<\/div>\n\t\t\t\t<div class=\"elementor-element elementor-element-44268ac elementor-widget elementor-widget-text-editor\" data-id=\"44268ac\" data-element_type=\"widget\" data-widget_type=\"text-editor.default\">\n\t\t\t\t<div class=\"elementor-widget-container\">\n\t\t\t\t\t\t\t\t\t<p>Mes naudojame slapukus, siekdami pagerinti efektyvum\u0105 ir pasi\u016blyti Vartotojui vis pa\u017eangesnes svetain\u0117s funkcijas.\u00a0<strong>sosnowica.com.pl<\/strong>\u00a0(toliau \u2013 Svetain\u0117) ir labiau Vartotojui pritaikyt\u0105 turin\u012f. Siekiant u\u017etikrinti skaidrum\u0105, priimama \u0161i Slapuk\u0173 politika, kurioje nustatomos i\u0161samios Svetain\u0117s slapuk\u0173 naudojimo taisykl\u0117s.<\/p><p>Duomenys, surinkti naudojant slapukus, yra renkami\u00a0<strong>PUH &quot;SOSNOWICA&quot;SCJWI\u0104CKIEWICZ, G.R\u0118BOSZ<\/strong>, adresas\u00a0<strong>Balnai n\/n, 26-050<\/strong>\u00a0<strong>Zagna\u0144sk<\/strong>, Mokes\u010di\u0173 mok\u0117tojo identifikacinis numeris:\u00a0<strong>6571026295<\/strong>, REGON numeris:\u00a0<strong>290590152<\/strong>. Jei nustatoma, kad slapukuose esantys duomenys yra asmens duomenys\u00a0<strong>PUH &quot;SOSNOWICA&quot;SCJWI\u0104CKIEWICZ, G.R\u0118BOSZ<\/strong>\u00a0yra laikomas Duomen\u0173 valdytoju, o Vartotojas turi visas teises, numatytas\u00a0<a href=\"https:\/\/sosnowica.com.pl\/polityka-prywatnosci\" target=\"_blank\" rel=\"noopener noreferrer noindex\">Privatumo politika<\/a>.<\/p><p>Vartotojas yra bet kuris duomen\u0173 subjektas, kuris naudojasi m\u016bs\u0173 Svetaine ir kitomis susijusiomis svetain\u0117mis, komunikacija ir paslaugomis (toliau \u2013\u00a0<em>Vartotojas<\/em>).<br \/><br \/><\/p><ol><li><strong>SLAPUKAI<br \/><br \/><\/strong><p>Slapukai yra tekstiniai failai, kurie atsako \u012f m\u016bs\u0173 serveriui siun\u010diamas HTTP u\u017eklausas. \u0160iuos failus i\u0161saugo kiekviena nar\u0161ykl\u0117, kuri\u0105 naudojate apsilankydami m\u016bs\u0173 svetain\u0117je. Slapukuose esanti informacija padeda mums suprasti, kaip vartotojai naudojasi m\u016bs\u0173 svetaine.<\/p><p>Slapukai naudojami siekiant u\u017etikrinti optimal\u0173 Vartotojo apsilankymo Svetain\u0117je aptarnavim\u0105 ir sudaryti s\u0105lygas greitesnei bei lengvesnei prieigai prie informacijos, taip pat siekiant Vartotojui pasi\u016blyti vis geresnes Svetain\u0117s funkcijas ir labiau Vartotojui pritaikyt\u0105 turin\u012f.<\/p><p>Saugoma informacija ar prieiga prie jos nesukelia joki\u0173 konfig\u016bracijos pakeitim\u0173 Vartotojo \u012frenginyje ar jame \u012fdiegtoje programin\u0117je \u012frangoje.<\/p><p>Slapukuose esanti informacija laikoma asmens duomenimis tik tada, kai ji derinama su kitais asmens duomenimis, turimais apie konkret\u0173 Naudotoj\u0105. Mes naudojame slapukus, kad rinktume tik anoniminius duomenis apie Naudotoj\u0105, kurie naudojami siekiant palengvinti naudojim\u0105si svetaine ir suma\u017einti reklamos poveik\u012f.<br \/><br \/><\/p><\/li><li><strong>SLAPUK\u0172 NAUDOJIMO TIPAI IR TIKSLAI<br \/><br \/><\/strong><p>Mes naudojame slapukus ir kitas pana\u0161ias technologijas, kad atpa\u017eintume jus, kai lankot\u0117s m\u016bs\u0173 svetain\u0117je, prisimintume j\u016bs\u0173 pageidavimus ir rodytume jums aktual\u0173, pritaikyt\u0105 turin\u012f. Slapukai pagreitina ir padaro efektyvesn\u0119 j\u016bs\u0173 s\u0105veik\u0105 su mumis. Be to, slapukai leid\u017eia mums pateikti jums pritaikyt\u0105 turin\u012f be apklaus\u0173.<\/p><p>Svetain\u0117je naudojami dviej\u0173 tip\u0173 slapukai:<\/p><ul><li>Seanso slapukai yra laikini failai, kurie lieka Vartotojo \u012frenginyje, kol jis i\u0161eina i\u0161 Svetain\u0117s arba u\u017edaro savo interneto nar\u0161ykl\u0119. Tokiais atvejais seanso slapukuose saugoma informacija automati\u0161kai i\u0161trinama.<\/li><li>Nuolatiniai slapukai \u2013 tai failai, kurie lieka Vartotojo \u012frenginyje slapuk\u0173 failo parametruose nurodyt\u0105 laikotarp\u012f arba tol, kol jie rankiniu b\u016bdu i\u0161trinami.<\/li><\/ul><p>Svetain\u0117je taip pat naudojamos kitos prieinamos technologijos, leid\u017eian\u010dios i\u0161saugoti informacij\u0105 nar\u0161ykl\u0117je atitinkamose duomen\u0173 saugyklose (seans\u0173 saugykla, vietin\u0117 saugykla), ir ji taip pat patalpinta kit\u0173 teik\u0117j\u0173 teikiam\u0173 analitini\u0173 \u012franki\u0173 kodo fragmentuose, kurie leid\u017eia i\u0161saugoti slapukus \u0161i\u0173 paslaug\u0173 domenuose.<\/p><p>Toliau apra\u0161omos atskiros m\u016bs\u0173 svetain\u0117je naudojam\u0173 slapuk\u0173 kategorijos:<\/p><p><strong>Techniniai slapukai<\/strong>\u00a0\u2013 yra b\u016btini, kad Svetain\u0117 tinkamai veikt\u0173. Jie susij\u0119 su m\u016bs\u0173 svetaini\u0173 funkcionalumu ir leid\u017eia mums tobulinti per jas teikiamas paslaugas. Pavyzd\u017eiui, leid\u017eia perduoti informacij\u0105 tarp m\u016bs\u0173 svetain\u0117s puslapi\u0173, kad nereik\u0117t\u0173 jos \u012fvesti i\u0161 naujo, arba atpa\u017e\u012fsta j\u016bs\u0173 pageidavimus, kai gr\u012f\u017etate \u012f m\u016bs\u0173 Svetain\u0119.<\/p><p>Mes juos naudojame:<\/p><ul><li>saugumo u\u017etikrinimas;<\/li><li>sesijos palaikymas, kai Vartotojas apsilanko ir prisijungia prie savo kliento paskyros;<\/li><li>u\u017etikrinant tinkam\u0105 puslapio rodym\u0105 \u2013 priklausomai nuo Vartotojo naudojamo \u012frenginio;<\/li><li>pritaikydami savo paslaugas prie j\u016bs\u0173 pasirinkim\u0173;<\/li><li>\u012fsimenant, ar Vartotojas sutinka su tam tikro turinio rodymu.<\/li><\/ul><p><strong>Analitiniai slapukai<\/strong>\u00a0\u2013 jie leid\u017eia mums atpa\u017einti ir suskai\u010diuoti m\u016bs\u0173 Svetain\u0117s lankytoj\u0173 skai\u010di\u0173, matyti, kaip lankytojai nar\u0161o Svetain\u0117je ja naudodamiesi, ir \u012fra\u0161yti, kok\u012f turin\u012f jie per\u017ei\u016bri ir kuo domisi. Tai padeda mums nustatyti, kaip da\u017enai lankomi puslapiai ir reklamos, ir kurios m\u016bs\u0173 Svetain\u0117s sritys yra populiariausios. Tai leid\u017eia mums tobulinti si\u016blomas paslaugas, u\u017etikrinant, kad m\u016bs\u0173 Vartotojai rast\u0173 ie\u0161kom\u0105 informacij\u0105. Jie taip pat b\u016btini norint atsiskaityti su m\u016bs\u0173 patikimais partneriais ir matuoti m\u016bs\u0173 rinkodaros veiklos efektyvum\u0105 neidentifikuojant asmens duomen\u0173.<\/p><p>Mes juos naudojame:<\/p><ul><li>svetain\u0117s lankomumo statistikos analiz\u0117 ir srauto \u0161altini\u0173 (peradresavimo kryp\u010di\u0173) tikrinimas;<\/li><li>\u012fvairi\u0173 tip\u0173 piktnaud\u017eiavimo, pvz., dirbtinio interneto srauto (robot\u0173), DDoS atak\u0173, aptikimas;<\/li><li>nepageidaujamos rinkodaros veiklos ribojimas;<\/li><li>Svetain\u0117s rinkodaros kampanij\u0173, pvz., \u201eGoogle\u201c reklamos tinkle, partneri\u0173 programose, i\u0161orin\u0117se svetain\u0117se, efektyvumo matavimas;<\/li><li>Atsiskaitymas patikimiems partneriams u\u017e reklamos paslaugas pagal vartotoj\u0173 aktyvum\u0105, pvz., paspaudimus.<\/li><\/ul><p>Rinkodaros slapukai \u2013 naudojami gavus Vartotojo sutikim\u0105 ir tik tada, kai to reikalauja m\u016bs\u0173 Svetain\u0117s naudojamos reklamos funkcijos ir formos.<\/p><p>Mes juos naudojame:<\/p><ul><li>Rodomi konkre\u010diam vartotojui aktual\u016bs ir \u012fdom\u016bs skelbimai. Tai apima tiek i\u0161orin\u0117se svetain\u0117se, tiek m\u016bs\u0173 svetain\u0117je rodom\u0173 skelbim\u0173 profiliavim\u0105, remiantis vartotojo pageidavimais d\u0117l produkt\u0173 pasirinkimo, remiantis svetain\u0117s turimais duomenimis, \u012fskaitant vartotojo elges\u012f svetain\u0117je.<\/li><\/ul><p>Prisijungdami prie Svetain\u0117s, galite atsisakyti analitini\u0173 ir rinkodaros slapuk\u0173 naudojimo. Tai neleis mums rinkti i\u0161samios statistikos ir pritaikyti reklamos pagal m\u016bs\u0173 Svetain\u0117je surinkt\u0105 informacij\u0105. Ta\u010diau bendro pob\u016bd\u017eio reklama vis tiek bus rodoma tiek Svetain\u0117je, tiek kitose svetain\u0117se.<\/p><p>Internetiniams skelbimams rodyti naudojame \u201eGoogle\u201c ir \u201eMeta\u201c (\u201eFacebook\u201c) teikiamas technologijas, taip pat kitus \u012frankius, tokius kaip \u201eGoogle reCAPTCHA\u201c (apsaugos nuo brukalo \u012frankis). Tod\u0117l pra\u0161ome \u012fsitikinti, kad sutinkate su \u0161i\u0173 \u012franki\u0173, \u012fskaitant internetini\u0173 ir \u201eFacebook\u201c skelbim\u0173 profiliavim\u0105, naudojimu. Savo privatumo ir saugumo nustatymus galite per\u017ei\u016br\u0117ti ir tvarkyti \u201eGoogle\u201c paskyroje apsilank\u0119 g.co\/privacytools. Daugiau informacijos apie \u201eGoogle\u201c privatumo politik\u0105, \u201eGoogle\u201c naudojamas technologijas ir \u201eGoogle\u201c paslaug\u0173 teikimo s\u0105lygas rasite adresu https:\/\/policies.google.com\/privacy?hl=pl#infochoices. Informacijos apie \u201eMeta\u201c (\u201eFacebook\u201c) privatumo politik\u0105 ir kaip tvarkyti privatumo nustatymus rasite adresu https:\/\/pl-pl.facebook.com\/privacy\/explanation\/.<\/p><p>I\u0161samesn\u0117s informacijos apie m\u016bs\u0173 naudojamus slapukus, j\u0173 saugojimo laik\u0105 ir dabartin\u012f i\u0161orini\u0173 \u012fmoni\u0173, kuri\u0173 paslaugas naudojame arba kuri\u0173 technologijas diegiame savo svetain\u0117je, s\u0105ra\u0161\u0105 galite rasti adresu\u00a0<a href=\"https:\/\/sosnowica.com.pl\/tabela-cookies\" target=\"_blank\" rel=\"noopener noreferrer noindex\">Slapuk\u0173 lentel\u0117<\/a>.<br \/><br \/><\/p><\/li><li><strong>SLAPUK\u0172 I\u0160JUNGIMAS<br \/><br \/><\/strong><p>\u017diniatinklio nar\u0161ykl\u0117s pagal numatytuosius nustatymus leid\u017eia saugoti slapukus. Jei nenorite gauti slapuk\u0173, galite pakeisti nar\u0161ykl\u0117s nustatymus savo kompiuteryje ar kitame \u012frenginyje, kur\u012f naudojate prisijungdami prie m\u016bs\u0173 svetain\u0117s. Toliau naudodamiesi m\u016bs\u0173 svetaine nekeisdami nustatym\u0173, sutinkate gauti techninius slapukus m\u016bs\u0173 svetain\u0117je, kurie, kaip nurodyta, yra b\u016btini tinkamam svetain\u0117s veikimui.<\/p><p>Daugumoje interneto nar\u0161ykli\u0173 yra funkcija, leid\u017eianti vartotojams per\u017ei\u016br\u0117ti ir i\u0161trinti slapukus, \u012fskaitant slapukus m\u016bs\u0173 svetain\u0117je. Ta\u010diau reik\u0117t\u0173 atkreipti d\u0117mes\u012f, kad negal\u0117jimas i\u0161saugoti ar nuskaityti slapuk\u0173 m\u016bs\u0173 svetain\u0117je gali neleisti jums visapusi\u0161kai ir teisingai naudotis m\u016bs\u0173 svetaine.<\/p><p>Jei naudojate skirtingus \u012frenginius m\u016bs\u0173 svetainei pasiekti ir joje nar\u0161yti (pvz., kompiuter\u012f, i\u0161man\u0173j\u012f telefon\u0105, plan\u0161etin\u012f kompiuter\u012f), tur\u0117tum\u0117te u\u017etikrinti, kad kiekviena nar\u0161ykl\u0117 kiekviename \u012frenginyje b\u016bt\u0173 pritaikyta j\u016bs\u0173 slapuk\u0173 nuostatoms.<\/p><p>Slapuk\u0173 i\u0161jungimo b\u016bdas priklauso nuo naudojamos nar\u0161ykl\u0117s. Toliau pateikiama, kaip galite i\u0161jungti slapukus \u201eGoogle Chrome\u201c, \u201eFirefox\u201c, \u201eSafari\u201c, \u201eOpera\u201c ir \u201eInternet Explorer\u201c.<br \/><br \/><\/p><ol><li><strong>Slapuk\u0173 i\u0161jungimas \u201eGoogle Chrome\u201c nar\u0161ykl\u0117je<br \/><br \/><\/strong><ol><li>Vir\u0161utiniame de\u0161iniajame \u201eGoogle Chrome\u201c adreso juostos kampe pasirinkite tris vertikalius ta\u0161kus.<\/li><li>Pasirinkite\u00a0<em>Nustatymai<\/em>, ir tada kair\u0117je pus\u0117je spustel\u0117kite\u00a0<em>Privatumas ir saugumas<\/em>.<\/li><li>Pasirinkite skyri\u0173\u00a0<em>Tre\u010di\u0173j\u0173 \u0161ali\u0173 slapukai<\/em>\u00a0ir konfig\u016bruokite savo slapuk\u0173 nustatymus.<\/li><\/ol><p>Daugiau informacijos apie \u201eGoogle Chrome\u201c nustatymus:<\/p><a href=\"https:\/\/support.google.com\/accounts\/answer\/61416?hl=pl\" target=\"_blank\" rel=\"nofollow noopener\">https:\/\/support.google.com\/accounts\/answer\/61416?hl=pl<br \/><br \/><\/a><\/li><li><strong>Slapuk\u0173 i\u0161jungimas \u201eFirefox\u201c nar\u0161ykl\u0117je<br \/><br \/><\/strong><ol><li>Vir\u0161utiniame de\u0161iniajame \u201eFirefox\u201c lango kampe pasirinkite tris horizontalias linijas.<\/li><li>Pasirinkite\u00a0<em>Nustatymai<\/em>, ir tada kair\u0117je pus\u0117je spustel\u0117kite\u00a0<em>Privatumas ir saugumas<\/em>.<\/li><li>Pasirinkite tinkam\u0105 saugumo lyg\u012f arba sukonfig\u016bruokite savo.<\/li><\/ol><p>Daugiau informacijos apie \u201eFirefox\u201c nustatymus:<\/p><a href=\"https:\/\/support.mozilla.org\/pl\/kb\/usuwanie-ciasteczek-i-danych-stron-firefox\" target=\"_blank\" rel=\"nofollow noopener\">https:\/\/support.mozilla.org\/pl\/kb\/usuwanie-ciasteczek-i-danych-stron-firefox<br \/><br \/><\/a><\/li><li><strong>Slapuk\u0173 i\u0161jungimas \u201eSafari\u201c nar\u0161ykl\u0117je<br \/><br \/><\/strong><p>Pasirinkite meniu komand\u0105\u00a0<em>Safari &gt; Nuostatos<\/em>, spustel\u0117kite\u00a0<em>Privatumas<\/em>, tada atlikite bet kur\u012f i\u0161 \u0161i\u0173 veiksm\u0173:<\/p><ul><li><em>Blokuoti visus slapukus<\/em><\/li><li><em>U\u017ekirsti keli\u0105 sekimui tarp svetaini\u0173<\/em><\/li><\/ul><p>Daugiau informacijos apie \u201eSafari\u201c nustatymus:<\/p><a href=\"https:\/\/support.apple.com\/pl-pl\/guide\/safari\/sfri11471\/mac\" target=\"_blank\" rel=\"nofollow noopener\">https:\/\/support.apple.com\/pl-pl\/guide\/safari\/sfri11471\/mac<br \/><br \/><\/a><\/li><li><strong>Slapuk\u0173 i\u0161jungimas \u201eOpera\u201c nar\u0161ykl\u0117je<br \/><br \/><\/strong><ol><li>Vir\u0161utiniame de\u0161iniajame \u201eOpera\u201c nar\u0161ykl\u0117s adreso juostos kampe pasirinkite tris horizontalias linijas.<\/li><li>Pasirinkite\u00a0<em>Eikite \u012f pilnus nar\u0161ykl\u0117s nustatymus.<\/em><\/li><li>Pasirinkite\u00a0<em>Privatumas ir saugumas<\/em>, tada pakoreguokite nustatymus pagal savo pageidavimus.<\/li><\/ol><p>Daugiau informacijos apie \u201eOpera\u201c nar\u0161ykl\u0117s nustatymus:<\/p><a href=\"https:\/\/help.opera.com\/pl\/latest\/web-preferences\/#cookies\" target=\"_blank\" rel=\"nofollow noopener\">https:\/\/help.opera.com\/pl\/latest\/web-preferences\/#cookies<br \/><br \/><\/a><\/li><li><strong>Slapuk\u0173 i\u0161jungimas \u201eEdge\u201c nar\u0161ykl\u0117je<br \/><br \/><\/strong><ol><li>Vir\u0161utiniame de\u0161iniajame \u201eEdge\u201c nar\u0161ykl\u0117s adreso juostos kampe pasirinkite tris horizontalius ta\u0161kus.<\/li><li>Pasirinkite\u00a0<em>Nustatymai<\/em>, ir tada kair\u0117je pus\u0117je spustel\u0117kite\u00a0<em>Slapukai ir svetaini\u0173 leidimai<\/em>.<\/li><li>Pasirinkite\u00a0<em>Tvarkyti ir i\u0161trinti slapukus ir svetain\u0117s duomenis<\/em>.<\/li><li>Koreguokite slapuk\u0173 nustatymus pagal savo pageidavimus.<\/li><\/ol><p>Daugiau informacijos apie \u201eEdge\u201c nar\u0161ykl\u0117s nustatymus:<\/p><a href=\"https:\/\/support.microsoft.com\/pl-pl\/microsoft-edge\/usuwanie-plik%C3%B3w-cookie-w-przegl%C4%85darce-microsoft-edge-63947406-40ac-c3b8-57b9-2a946a29ae09\" target=\"_blank\" rel=\"nofollow noopener\">https:\/\/support.microsoft.com\/pl-pl\/microsoft-edge\/usuwanie-plik%C3%B3w-cookie-w- przegl%C4%85darce-microsoft-edge-63947406-40ac-c3b8-57b9-2a946a29ae09<br \/><br \/><\/a><\/li><\/ol><\/li><li><strong>KONTAKTIN\u0116 INFORMACIJA<br \/><br \/><\/strong><p>Kilus abejoni\u0173 d\u0117l \u0161ios Slapuk\u0173 politikos arba norint gauti informacijos apie \u0161i\u0105 Slapuk\u0173 politik\u0105, Vartotojas gali susisiekti su Administratoriumi el. pa\u0161tu\u00a0<strong><a href=\"mailto:biuro@sosnowica.com.pl\">biuro@sosnowica.com.pl<\/a><\/strong>\u00a0ir pa\u0161tu administratoriaus adresu.<\/p><\/li><\/ol>\t\t\t\t\t\t\t\t<\/div>\n\t\t\t\t<\/div>\n\t\t\t\t\t<\/div>\n\t\t<\/div>\n\t\t\t\t\t<\/div>\n\t\t<\/section>\n\t\t\t\t<\/div>","protected":false},"excerpt":{"rendered":"<p>Strona g\u0142\u00f3wna Polityka Cookies Korzystamy z\u00a0plik\u00f3w cookies w\u00a0celu poprawienia efektywno\u015bci i\u00a0zaproponowania U\u017cytkownikowi coraz doskonalszych funkcjonalno\u015bci serwisu internetowego\u00a0sosnowica.com.pl\u00a0(dalej jako Serwis) oraz\u00a0bardziej dopasowanych do\u00a0U\u017cytkownika tre\u015bci. W\u00a0celu zapewnienia przejrzysto\u015bci dzia\u0142a\u0144 zostaje przyj\u0119ta niniejsza Polityka Cookies, kt\u00f3ra okre\u015bla szczeg\u00f3\u0142owe zasady korzystania przez Serwis internetowy z\u00a0plik\u00f3w cookies. Dane za\u00a0pomoc\u0105 plik\u00f3w cookies gromadzone s\u0105 przez\u00a0PUH ,,SOSNOWICA&#8221;S.C. J.WI\u0104CKIEWICZ,G.R\u0118BOSZ, adres\u00a0Siod\u0142a n\/n, 26-050\u00a0Zagna\u0144sk, numer [&hellip;]<\/p>","protected":false},"author":1,"featured_media":0,"parent":0,"menu_order":0,"comment_status":"closed","ping_status":"closed","template":"elementor_header_footer","meta":{"footnotes":""},"class_list":["post-448","page","type-page","status-publish","hentry"],"_links":{"self":[{"href":"https:\/\/sosnowica.com\/lt\/wp-json\/wp\/v2\/pages\/448","targetHints":{"allow":["GET"]}}],"collection":[{"href":"https:\/\/sosnowica.com\/lt\/wp-json\/wp\/v2\/pages"}],"about":[{"href":"https:\/\/sosnowica.com\/lt\/wp-json\/wp\/v2\/types\/page"}],"author":[{"embeddable":true,"href":"https:\/\/sosnowica.com\/lt\/wp-json\/wp\/v2\/users\/1"}],"replies":[{"embeddable":true,"href":"https:\/\/sosnowica.com\/lt\/wp-json\/wp\/v2\/comments?post=448"}],"version-history":[{"count":4,"href":"https:\/\/sosnowica.com\/lt\/wp-json\/wp\/v2\/pages\/448\/revisions"}],"predecessor-version":[{"id":452,"href":"https:\/\/sosnowica.com\/lt\/wp-json\/wp\/v2\/pages\/448\/revisions\/452"}],"wp:attachment":[{"href":"https:\/\/sosnowica.com\/lt\/wp-json\/wp\/v2\/media?parent=448"}],"curies":[{"name":"wp","href":"https:\/\/api.w.org\/{rel}","templated":true}]}}