{"id":443,"date":"2025-04-08T15:09:50","date_gmt":"2025-04-08T15:09:50","guid":{"rendered":"https:\/\/sosnowica.com\/?page_id=443"},"modified":"2025-04-08T15:12:39","modified_gmt":"2025-04-08T15:12:39","slug":"polityka-prywatnosci","status":"publish","type":"page","link":"https:\/\/sosnowica.com\/sl\/politika-zasebnosti\/","title":{"rendered":"Pravilnik o zasebnosti"},"content":{"rendered":"<style>.elementor-443 .elementor-element.elementor-element-19a39e6:not(.elementor-motion-effects-element-type-background), .elementor-443 .elementor-element.elementor-element-19a39e6 > .elementor-motion-effects-container > .elementor-motion-effects-layer{background-color:var( --e-global-color-primary );}.elementor-443 .elementor-element.elementor-element-19a39e6 > .elementor-background-overlay{background-color:#000000;opacity:0.65;transition:background 0.3s, border-radius 0.3s, opacity 0.3s;}.elementor-443 .elementor-element.elementor-element-19a39e6 > .elementor-container{max-width:1250px;}.elementor-443 .elementor-element.elementor-element-19a39e6{transition:background 0.3s, border 0.3s, border-radius 0.3s, box-shadow 0.3s;padding:50px 0px 50px 0px;}.elementor-443 .elementor-element.elementor-element-49aa825 > .elementor-element-populated{transition:background 0.3s, border 0.3s, border-radius 0.3s, box-shadow 0.3s;}.elementor-443 .elementor-element.elementor-element-49aa825 > .elementor-element-populated > .elementor-background-overlay{transition:background 0.3s, border-radius 0.3s, opacity 0.3s;}.elementor-443 .elementor-element.elementor-element-422fc82{text-align:left;}.elementor-443 .elementor-element.elementor-element-422fc82 .elementor-heading-title{font-family:var( --e-global-typography-primary-font-family ), Sans-serif;font-size:var( --e-global-typography-primary-font-size );font-weight:var( --e-global-typography-primary-font-weight );line-height:var( --e-global-typography-primary-line-height );color:#FFFFFF;}.elementor-443 .elementor-element.elementor-element-2c72ea4 .elementor-icon-list-items:not(.elementor-inline-items) .elementor-icon-list-item:not(:last-child){padding-block-end:calc(10px\/2);}.elementor-443 .elementor-element.elementor-element-2c72ea4 .elementor-icon-list-items:not(.elementor-inline-items) .elementor-icon-list-item:not(:first-child){margin-block-start:calc(10px\/2);}.elementor-443 .elementor-element.elementor-element-2c72ea4 .elementor-icon-list-items.elementor-inline-items .elementor-icon-list-item{margin-inline:calc(10px\/2);}.elementor-443 .elementor-element.elementor-element-2c72ea4 .elementor-icon-list-items.elementor-inline-items{margin-inline:calc(-10px\/2);}.elementor-443 .elementor-element.elementor-element-2c72ea4 .elementor-icon-list-items.elementor-inline-items .elementor-icon-list-item:after{inset-inline-end:calc(-10px\/2);}.elementor-443 .elementor-element.elementor-element-2c72ea4 .elementor-icon-list-icon i{color:var( --e-global-color-accent );transition:color 0.3s;}.elementor-443 .elementor-element.elementor-element-2c72ea4 .elementor-icon-list-icon svg{fill:var( --e-global-color-accent );transition:fill 0.3s;}.elementor-443 .elementor-element.elementor-element-2c72ea4{--e-icon-list-icon-size:14px;--icon-vertical-offset:0px;}.elementor-443 .elementor-element.elementor-element-2c72ea4 .elementor-icon-list-icon{padding-inline-end:0px;}.elementor-443 .elementor-element.elementor-element-2c72ea4 .elementor-icon-list-text{color:#FFFFFF;transition:color 0.3s;}.elementor-443 .elementor-element.elementor-element-74e045ab > .elementor-container{max-width:1200px;}.elementor-443 .elementor-element.elementor-element-74e045ab > .elementor-background-overlay{opacity:0.14;transition:background 0.3s, border-radius 0.3s, opacity 0.3s;}.elementor-443 .elementor-element.elementor-element-74e045ab{transition:background 0.3s, border 0.3s, border-radius 0.3s, box-shadow 0.3s;margin-top:0px;margin-bottom:0px;padding:50px 0px 50px 0px;}@media(max-width:1024px){.elementor-443 .elementor-element.elementor-element-19a39e6{padding:50px 10px 50px 10px;}.elementor-443 .elementor-element.elementor-element-422fc82 .elementor-heading-title{font-size:var( --e-global-typography-primary-font-size );line-height:var( --e-global-typography-primary-line-height );}.elementor-443 .elementor-element.elementor-element-74e045ab{margin-top:0px;margin-bottom:0px;padding:40px 10px 40px 10px;}}@media(max-width:767px){.elementor-443 .elementor-element.elementor-element-19a39e6{padding:40px 10px 40px 10px;}.elementor-443 .elementor-element.elementor-element-422fc82 .elementor-heading-title{font-size:var( --e-global-typography-primary-font-size );line-height:var( --e-global-typography-primary-line-height );}.elementor-443 .elementor-element.elementor-element-74e045ab{padding:40px 10px 40px 10px;}}<\/style>\t\t<div data-elementor-type=\"wp-page\" data-elementor-id=\"443\" class=\"elementor elementor-443\" data-elementor-post-type=\"page\">\n\t\t\t\t\t\t<section class=\"elementor-section elementor-top-section elementor-element elementor-element-19a39e6 elementor-section-boxed elementor-section-height-default elementor-section-height-default\" data-id=\"19a39e6\" data-element_type=\"section\" data-settings=\"{&quot;background_background&quot;:&quot;classic&quot;}\">\n\t\t\t\t\t\t\t<div class=\"elementor-background-overlay\"><\/div>\n\t\t\t\t\t\t\t<div class=\"elementor-container elementor-column-gap-default\">\n\t\t\t\t\t<div class=\"elementor-column elementor-col-100 elementor-top-column elementor-element elementor-element-49aa825\" data-id=\"49aa825\" data-element_type=\"column\" data-settings=\"{&quot;background_background&quot;:&quot;classic&quot;}\">\n\t\t\t<div class=\"elementor-widget-wrap elementor-element-populated\">\n\t\t\t\t\t\t<div class=\"elementor-element elementor-element-2c72ea4 elementor-icon-list--layout-inline elementor-align-left elementor-list-item-link-full_width elementor-widget elementor-widget-icon-list\" data-id=\"2c72ea4\" data-element_type=\"widget\" data-widget_type=\"icon-list.default\">\n\t\t\t\t<div class=\"elementor-widget-container\">\n\t\t\t\t\t\t\t<ul class=\"elementor-icon-list-items elementor-inline-items\">\n\t\t\t\t\t\t\t<li class=\"elementor-icon-list-item elementor-inline-item\">\n\t\t\t\t\t\t\t\t\t\t\t<a href=\"https:\/\/sosnowica.com\/sl\">\n\n\t\t\t\t\t\t\t\t\t\t\t<span class=\"elementor-icon-list-text\">Doma\u010da stran<\/span>\n\t\t\t\t\t\t\t\t\t\t\t<\/a>\n\t\t\t\t\t\t\t\t\t<\/li>\n\t\t\t\t\t\t\t\t<li class=\"elementor-icon-list-item elementor-inline-item\">\n\t\t\t\t\t\t\t\t\t\t\t<span class=\"elementor-icon-list-icon\">\n\t\t\t\t\t\t\t<svg aria-hidden=\"true\" class=\"e-font-icon-svg e-fas-chevron-right\" viewbox=\"0 0 320 512\" xmlns=\"http:\/\/www.w3.org\/2000\/svg\"><path d=\"M285.476 272.971L91.132 467.314c-9.373 9.373-24.569 9.373-33.941 0l-22.667-22.667c-9.357-9.357-9.375-24.522-.04-33.901L188.505 256 34.484 101.255c-9.335-9.379-9.317-24.544.04-33.901l22.667-22.667c9.373-9.373 24.569-9.373 33.941 0L285.475 239.03c9.373 9.372 9.373 24.568.001 33.941z\"><\/path><\/svg>\t\t\t\t\t\t<\/span>\n\t\t\t\t\t\t\t\t\t\t<span class=\"elementor-icon-list-text\"><\/span>\n\t\t\t\t\t\t\t\t\t<\/li>\n\t\t\t\t\t\t<\/ul>\n\t\t\t\t\t\t<\/div>\n\t\t\t\t<\/div>\n\t\t\t\t\t<\/div>\n\t\t<\/div>\n\t\t\t\t\t<\/div>\n\t\t<\/section>\n\t\t\t\t<section class=\"elementor-section elementor-top-section elementor-element elementor-element-74e045ab elementor-section-boxed elementor-section-height-default elementor-section-height-default\" data-id=\"74e045ab\" data-element_type=\"section\" data-settings=\"{&quot;background_background&quot;:&quot;classic&quot;}\">\n\t\t\t\t\t\t\t<div class=\"elementor-background-overlay\"><\/div>\n\t\t\t\t\t\t\t<div class=\"elementor-container elementor-column-gap-default\">\n\t\t\t\t\t<div class=\"elementor-column elementor-col-100 elementor-top-column elementor-element elementor-element-3f5cb863\" data-id=\"3f5cb863\" data-element_type=\"column\">\n\t\t\t<div class=\"elementor-widget-wrap elementor-element-populated\">\n\t\t\t\t\t\t<div class=\"elementor-element elementor-element-9a018f5 elementor-widget elementor-widget-heading\" data-id=\"9a018f5\" data-element_type=\"widget\" data-widget_type=\"heading.default\">\n\t\t\t\t<div class=\"elementor-widget-container\">\n\t\t\t\t\t<h2 class=\"elementor-heading-title elementor-size-default\">Politika zasebnosti spletnega mesta sosnowica.com.pl<\/h2>\t\t\t\t<\/div>\n\t\t\t\t<\/div>\n\t\t\t\t<div class=\"elementor-element elementor-element-44268ac elementor-widget elementor-widget-text-editor\" data-id=\"44268ac\" data-element_type=\"widget\" data-widget_type=\"text-editor.default\">\n\t\t\t\t<div class=\"elementor-widget-container\">\n\t\t\t\t\t\t\t\t\t<p>Za\u0161\u010dita zasebnosti uporabnikov nam je pomembna.\u00a0<strong>PUH &quot;SOSNOWICA&quot;SCJWI\u0104CKIEWICZ,G.R\u0118BOSZ<\/strong>\u00a0\u0161e posebej pomembno. Zaradi tega uporabniki spletnega mesta\u00a0<strong>sosnowica.com.pl<\/strong>\u00a0so zagotovljeni visoki standardi varstva zasebnosti.\u00a0<strong>PUH &quot;SOSNOWICA&quot;SCJWI\u0104CKIEWICZ,G.R\u0118BOSZ<\/strong>\u00a0kot skrbnik podatkov zagotavlja varnost podatkov, ki jih posredujejo uporabniki.<\/p><p>Cilj skrbnika je tudi ustrezno obve\u0161\u010dati uporabnike o njihovih pravicah in obveznostih v zvezi z obdelavo osebnih podatkov, zlasti glede na dolo\u010dbe o varstvu osebnih podatkov iz Uredbe (EU) 2016\/679 Evropskega parlamenta in Sveta z dne 27. aprila 2016 o varstvu posameznikov pri obdelavi osebnih podatkov in o prostem pretoku takih podatkov ter o razveljavitvi Direktive 95\/46\/ES (v nadaljnjem besedilu: \u201eGDPR\u201d). Zato skrbnik v tem dokumentu za za\u0161\u010dito zasebnosti uporabnikov spletnega mesta obve\u0161\u010da o pravni podlagi za obdelavo osebnih podatkov, ki jih uporabniki posredujejo v zvezi z njihovo uporabo spletnega mesta.\u00a0<strong>sosnowica.com.pl<\/strong>\u00a0<em>(v nadaljevanju \u201espletno mesto\u201d)<\/em>, na\u010dine zbiranja, obdelave in varstva osebnih podatkov ter pravice uporabnikov.<\/p><p>Uporabnik je vsaka fizi\u010dna oseba, katere podatki se obdelujejo in ki uporablja spletno mesto.\u00a0<strong>sosnowica.com.pl<\/strong>\u00a0ali elektronske storitve, ki so na voljo prek spletnega mesta.<\/p><p>Upravljavec osebnih podatkov, ki jih uporabnik posreduje na spletnem mestu\u00a0<strong>sosnowica.com.pl<\/strong>\u00a0Je\u00a0<strong>PUH &quot;SOSNOWICA&quot;SCJWI\u0104CKIEWICZ,G.R\u0118BOSZ, Siod\u0142a n\/n, 26-050 Zagna\u0144sk, NIP 6571026295,\u00a0<\/strong><em>(v nadaljevanju &quot;Upravljavec&quot;)<\/em>.<br \/><br \/><\/p><ol><li><strong>UPORABNI\u0160KO SOGLASJE<br \/><\/strong><br \/><p>Uporaba spletnega mesta\u00a0<strong>sosnowica.com.pl<\/strong>\u00a0s strani uporabnika pomeni, da uporabnik sprejema, da skrbnik zbira in uporablja osebne podatke v skladu s to politiko zasebnosti.<\/p><p>Osebne podatke uporabnika spletnega mesta obdeluje skrbnik na podlagi uporabnikove privolitve in v nekaterih primerih, opisanih v tem dokumentu, na podlagi zakonitega interesa skrbnika. Uporabnik ima pravico, da predhodno izra\u017eeno privolitev kadar koli prekli\u010de. Preklic privolitve ne vpliva na zakonitost obdelave na podlagi privolitve pred njenim preklicem.<\/p><p>\u010ce se ta Politika zasebnosti spremeni in uporabnik \u0161e naprej uporablja spletno mesto, se \u0161teje, da se strinja s trenutnimi pogoji Politike zasebnosti.<br \/><br \/><\/p><\/li><li><strong>OSEBNI PODATKI, KI JIH OBDELUJE UPRAVLJALEC<br \/><br \/><\/strong><ol><li><strong>Na\u010din pridobivanja osebnih podatkov<\/strong><p>Upravljavec pridobiva osebne podatke neposredno od uporabnika prek spletnega mesta, prek funkcionalnosti in komunikacijskih orodij, ki so na voljo na njem, ter s po\u0161iljanjem sporo\u010dil upravljavcu prek njih.<\/p><p>Posredovanje osebnih podatkov s strani uporabnika je prostovoljno.<\/p><\/li><li><strong>Vrste obdelanih osebnih podatkov<\/strong><p>Upravitelj prek spletnega mesta zbira naslednje osebne podatke o uporabniku:<\/p><ol><li>Ime in priimek;<\/li><li>E-po\u0161tni naslov;<\/li><li>Telefonska \u0161tevilka;<\/li><li>Vsebina sporo\u010dila.<br \/><br \/><\/li><\/ol><\/li><\/ol><\/li><li><strong>NAMENI OBDELAVE OSEBNIH PODATKOV<br \/><br \/><\/strong><p>Na\u010din, kako skrbnik obdeluje uporabni\u0161ke podatke, je odvisen od tega, kako uporabnik uporablja spletno mesto in funkcionalnosti, ki so na njem na voljo. Skrbnik obdeluje osebne podatke uporabnikov za naslednje namene:<\/p><ol><li><strong>Komunikacija z uporabnikom.<\/strong><p>Skrbnik uporablja osebne podatke uporabnikov za osebno komunikacijo z njimi. Informacije, ki se sporo\u010dijo uporabniku, se nana\u0161ajo na ponujene izdelke ali storitve, varnost osebnih podatkov, posodobitve omre\u017eja, opomnike in predlagane ponudbe skrbnika ali njegovih partnerjev. Komunikacija z uporabnikom se nana\u0161a tudi na storitve za uporabnike. Osebni podatki se uporabljajo za pomo\u010d uporabniku, re\u0161evanje tehni\u010dnih te\u017eav in odgovarjanje na prito\u017ebe ali zahtevke.<\/p><\/li><li><strong>Omogo\u010danje uporabniku, da odda komentarje ali mnenja.<\/strong><p>Skrbnik uporablja osebne podatke uporabnika, da mu omogo\u010di komentiranje\/izra\u017eanje mnenj o dejavnostih, storitvah ali izdelkih skrbnika ali subjektov, ki z njim sodelujejo.<\/p><\/li><\/ol><p>Upravljavec lahko obdeluje osebne podatke uporabnika, pridobljene prek spletnega mesta, tudi za naslednje namene:<\/p><ol><li>za sklenitev in izvajanje morebitne pogodbe med uporabnikom in upravljavcem ter za storitve za uporabnika kot stranko upravljavca v skladu s \u010dlenom 6, odstavkom 1, \u010drko b) GDPR;<\/li><li>za izvedbo finan\u010dnih poravnav z uporabnikom, ki je stranka upravljavca, v zvezi z izvajanjem morebitnega sporazuma, sklenjenega med strankama, kot tudi za uveljavljanje morebitnih zahtevkov zoper uporabnika, ki je stranka, v okviru zakonitega interesa upravljavca v skladu s to\u010dko f) 1. odstavka 6. \u010dlena GDPR in za izpolnjevanje zakonskih obveznosti upravljavca do dav\u010dnih organov na podlagi lo\u010denih dolo\u010db v skladu s to\u010dko c) 1. odstavka 6. \u010dlena GDPR;<\/li><li>za izvajanje tr\u017eenjskih dejavnosti upravljavca v okviru zakonitega interesa upravljavca v smislu \u010dlena 6(1)(f) GDPR, kot tudi v skladu z izjavami o nameri glede tr\u017eenjskih sporo\u010dil, predlo\u017eenimi upravljavcu. Soglasja, dana v okviru tr\u017eenjskih sporo\u010dil (npr. za po\u0161iljanje komercialnih informacij po elektronski poti ali telefonski stik za namene neposrednega tr\u017eenja), se lahko kadar koli prekli\u010dejo, ne da bi to vplivalo na zakonitost obdelave na podlagi soglasja pred njegovim preklicem;<\/li><li>za izpolnitev zakonskih obveznosti upravljavca do uporabnika, dolo\u010denih v GDPR, v smislu to\u010dke c) 1. odstavka 6. \u010dlena GDPR.<br \/><br \/><\/li><\/ol><\/li><li><strong>DELJENJE OSEBNIH PODATKOV<br \/><br \/><\/strong><p>Osebni podatki uporabnika se ali se lahko prenesejo naslednjim kategorijam prejemnikov:<\/p><ol><li>ponudniki ogla\u0161evalskih ali tr\u017eenjskih storitev.<br \/><br \/><\/li><\/ol><\/li><li><strong>PRAVICE UPORABNIKA<br \/><br \/><\/strong><ol><li><strong>Uporabni\u0161ke pravice<\/strong><p>V vsaki fazi obdelave podatkov ima uporabnik \u0161tevilne pravice, ki mu omogo\u010dajo dostop do njegovih podatkov, preverjanje pravilnosti obdelave podatkov, njihov popravek, pa tudi pravico do ugovora zoper njihovo obdelavo, lahko zahteva izbris podatkov, omejitev obdelave ali prenos podatkov.<\/p><p>\u010ce \u017eeli uporabnik uveljavljati svoje pravice kot posameznik, na katerega se nana\u0161ajo osebni podatki, se lahko obrne na skrbnika z uporabo naslednjih kontaktnih podatkov:\u00a0<strong>PUH &quot;SOSNOWICA&quot;SCJWI\u0104CKIEWICZ,G.R\u0118BOSZ, Siod\u0142a n\/n, 26-050 Zagna\u0144sk,\u00a0<a href=\"mailto:biuro@sosnowica.com.pl\">biuro@sosnowica.com.pl<\/a>.<\/strong><\/p><\/li><li><strong>Pravica do vlo\u017eitve prito\u017ebe pri nadzornem organu<\/strong><p>Uporabnik, \u010digar osebne podatke obdeluje upravljavec, ima pravico vlo\u017eiti prito\u017ebo pri nadzornem organu, pristojnem za zadeve varstva osebnih podatkov (predsednik Urada za varstvo osebnih podatkov).<br \/><br \/><\/p><\/li><\/ol><\/li><li><strong>PI\u0160KOTKI<br \/><br \/><\/strong><ol><li style=\"list-style-type: none;\"><ol>Skrbnik s tem obve\u0161\u010da, da se med uporabo spletnega mesta na uporabnikovi kon\u010dni napravi shranijo del\u010dki kode, imenovani &quot;pi\u0161kotki&quot;. To so besedilne datoteke, ki ustrezajo zahtevam HTTP, poslanim na stre\u017enik skrbnika. Pi\u0161kotke namesti vsak brskalnik, ki ga uporabnik uporablja za obisk spletnega mesta. Pi\u0161kotki se na spletnem mestu uporabljajo za:<li style=\"list-style-type: none;\"><ol><li>vzdr\u017eevanje tehni\u010dne pravilnosti in neprekinjenosti seje med stre\u017enikom spletnega mesta in uporabnikovo kon\u010dno napravo;<\/li><li>optimizacija uporabe spletnih strani spletnega mesta s strani uporabnika in prilagajanje na\u010dina njihovega prikaza na uporabnikovi kon\u010dni napravi;<\/li><li>zagotavljanje varnosti uporabe spletnega mesta;<\/li><li>zbiranje statisti\u010dnih podatkov o obiskih spletnih strani za podporo izbolj\u0161anju njihove strukture in vsebine;<\/li><li>prikazovanje vsebine, prilagojene uporabnikovim preferencam, na uporabnikovi kon\u010dni napravi.<\/li><\/ol><\/li><\/ol><\/li><\/ol><p>Podrobne informacije o pi\u0161kotkih, ki jih uporablja skrbnik, in njihovem upravljanju so na voljo v\u00a0<a href=\"https:\/\/sosnowica.com.pl\/polityka-cookies\" target=\"_blank\" rel=\"noopener noreferrer noindex\">Pravilnik o pi\u0161kotkih<\/a>.<br \/><br \/><\/p><\/li><li><strong>DRUGE POMEMBNE INFORMACIJE<br \/><br \/><\/strong><ol><li><strong>Za\u0161\u010dita varnosti osebnih podatkov<\/strong><p>Skrbnik izvaja ustrezne ukrepe za zagotavljanje varnosti osebnih podatkov uporabnikov. Varno uporabo spletnega mesta zagotavljajo sistemi in postopki, ki \u0161\u010ditijo pred nepoobla\u0161\u010denim dostopom in razkritjem podatkov. Poleg tega se sistemi in procesi, ki jih uporablja skrbnik, redno spremljajo za odkrivanje morebitnih gro\u017eenj. Osebni podatki, ki jih pridobi skrbnik, so shranjeni v ra\u010dunalni\u0161kih sistemih, do katerih je dostop strogo omejen.<\/p><\/li><li><strong>Shranjevanje osebnih podatkov<\/strong><p>Obdobje hrambe osebnih podatkov uporabnikov je odvisno od namenov obdelave podatkov s strani skrbnika.<br \/>Upravljavec hrani osebne podatke za obdobje, ki je potrebno za dosego dolo\u010denih namenov, tj.:<\/p><ul><li>v primeru opravljanja storitve\/dobave izdelka uporabniku \u2013 za obdobje, ki je potrebno, da skrbnik opravi naro\u010deno storitev ali dostavi izdelek uporabniku.<\/li><\/ul><p>V vsakem od zgoraj navedenih primerov se podatki po preteku potrebnega obdobja obdelave lahko obdelujejo le za namene uveljavljanja zahtevkov, ki izhajajo iz razmerja med strankama, dokler se taki zahtevki dokon\u010dno ne re\u0161ijo po pravni poti.<\/p><\/li><li><strong>Spremembe politike zasebnosti<\/strong><p>Za posodobitev informacij v tej Politiki zasebnosti in zagotovitev njene skladnosti z veljavno zakonodajo se lahko ta Politika zasebnosti spremeni. \u010ce se Politika zasebnosti spremeni, se spremeni tudi datum posodobitve, naveden na koncu besedila. Za pridobitev informacij o tem, kako so osebni podatki za\u0161\u010diteni, skrbnik priporo\u010da, da uporabniki redno pregledujejo dolo\u010dbe Politike zasebnosti.<\/p><\/li><li><strong>Kontaktni podatki<\/strong><p>Za pridobitev kakr\u0161nih koli informacij v zvezi s to politiko zasebnosti se lahko uporabnik obrne na upravljavca osebnih podatkov:\u00a0<strong>PUH &quot;SOSNOWICA&quot;SCJWI\u0104CKIEWICZ,G.R\u0118BOSZ, Siod\u0142a n\/n, 26-050 Zagna\u0144sk,\u00a0<\/strong>z uporabo naslednjih kontaktnih podatkov:\u00a0<strong><a href=\"mailto:biuro@sosnowica.com.pl\">biuro@sosnowica.com.pl<\/a>.<\/strong><\/p><p>Poleg tega nas lahko kontaktirate tudi po po\u0161ti na naslovu:\u00a0<strong>Sedla n\/n, 26-050 Zagna\u0144sk<\/strong>.<\/p><\/li><\/ol><\/li><\/ol><p>Ta dokument je bil nazadnje posodobljen 08.05.2024.<\/p>\t\t\t\t\t\t\t\t<\/div>\n\t\t\t\t<\/div>\n\t\t\t\t\t<\/div>\n\t\t<\/div>\n\t\t\t\t\t<\/div>\n\t\t<\/section>\n\t\t\t\t<\/div>","protected":false},"excerpt":{"rendered":"<p>Strona g\u0142\u00f3wna Polityka prywatno\u015bci Serwisu sosnowica.com.pl Ochrona prywatno\u015bci U\u017cytkownik\u00f3w jest dla\u00a0PUH ,,SOSNOWICA&#8221;S.C. J.WI\u0104CKIEWICZ,G.R\u0118BOSZ\u00a0szczeg\u00f3lnie wa\u017cna. Z\u00a0tego wzgl\u0119du U\u017cytkownicy Serwisu\u00a0sosnowica.com.pl\u00a0maj\u0105 zagwarantowane wysokie standardy ochrony prywatno\u015bci.\u00a0PUH ,,SOSNOWICA&#8221;S.C. J.WI\u0104CKIEWICZ,G.R\u0118BOSZ\u00a0jako Administrator danych dba o\u00a0bezpiecze\u0144stwo udost\u0119pnionych przez U\u017cytkownik\u00f3w danych. Celem Administratora jest r\u00f3wnie\u017c nale\u017cyte informowanie U\u017cytkownik\u00f3w o\u00a0prawach i\u00a0obowi\u0105zkach zwi\u0105zanych z\u00a0przetwarzaniem danych osobowych, szczeg\u00f3lnie wobec tre\u015bci przepis\u00f3w o\u00a0ochronie danych osobowych okre\u015blonych w\u00a0rozporz\u0105dzeniu [&hellip;]<\/p>","protected":false},"author":1,"featured_media":0,"parent":0,"menu_order":0,"comment_status":"closed","ping_status":"closed","template":"elementor_header_footer","meta":{"footnotes":""},"class_list":["post-443","page","type-page","status-publish","hentry"],"_links":{"self":[{"href":"https:\/\/sosnowica.com\/sl\/wp-json\/wp\/v2\/pages\/443","targetHints":{"allow":["GET"]}}],"collection":[{"href":"https:\/\/sosnowica.com\/sl\/wp-json\/wp\/v2\/pages"}],"about":[{"href":"https:\/\/sosnowica.com\/sl\/wp-json\/wp\/v2\/types\/page"}],"author":[{"embeddable":true,"href":"https:\/\/sosnowica.com\/sl\/wp-json\/wp\/v2\/users\/1"}],"replies":[{"embeddable":true,"href":"https:\/\/sosnowica.com\/sl\/wp-json\/wp\/v2\/comments?post=443"}],"version-history":[{"count":4,"href":"https:\/\/sosnowica.com\/sl\/wp-json\/wp\/v2\/pages\/443\/revisions"}],"predecessor-version":[{"id":447,"href":"https:\/\/sosnowica.com\/sl\/wp-json\/wp\/v2\/pages\/443\/revisions\/447"}],"wp:attachment":[{"href":"https:\/\/sosnowica.com\/sl\/wp-json\/wp\/v2\/media?parent=443"}],"curies":[{"name":"wp","href":"https:\/\/api.w.org\/{rel}","templated":true}]}}