{"id":448,"date":"2025-04-08T15:12:57","date_gmt":"2025-04-08T15:12:57","guid":{"rendered":"https:\/\/sosnowica.com\/?page_id=448"},"modified":"2025-04-08T15:13:45","modified_gmt":"2025-04-08T15:13:45","slug":"polityka-cookies","status":"publish","type":"page","link":"https:\/\/sosnowica.com\/sl\/politika-piskotkov\/","title":{"rendered":"Pravilnik o pi\u0161kotkih"},"content":{"rendered":"<style>.elementor-448 .elementor-element.elementor-element-19a39e6:not(.elementor-motion-effects-element-type-background), .elementor-448 .elementor-element.elementor-element-19a39e6 > .elementor-motion-effects-container > .elementor-motion-effects-layer{background-color:var( --e-global-color-primary );}.elementor-448 .elementor-element.elementor-element-19a39e6 > .elementor-background-overlay{background-color:#000000;opacity:0.65;transition:background 0.3s, border-radius 0.3s, opacity 0.3s;}.elementor-448 .elementor-element.elementor-element-19a39e6 > .elementor-container{max-width:1250px;}.elementor-448 .elementor-element.elementor-element-19a39e6{transition:background 0.3s, border 0.3s, border-radius 0.3s, box-shadow 0.3s;padding:50px 0px 50px 0px;}.elementor-448 .elementor-element.elementor-element-49aa825 > .elementor-element-populated{transition:background 0.3s, border 0.3s, border-radius 0.3s, box-shadow 0.3s;}.elementor-448 .elementor-element.elementor-element-49aa825 > .elementor-element-populated > .elementor-background-overlay{transition:background 0.3s, border-radius 0.3s, opacity 0.3s;}.elementor-448 .elementor-element.elementor-element-422fc82{text-align:left;}.elementor-448 .elementor-element.elementor-element-422fc82 .elementor-heading-title{font-family:var( --e-global-typography-primary-font-family ), Sans-serif;font-size:var( --e-global-typography-primary-font-size );font-weight:var( --e-global-typography-primary-font-weight );line-height:var( --e-global-typography-primary-line-height );color:#FFFFFF;}.elementor-448 .elementor-element.elementor-element-2c72ea4 .elementor-icon-list-items:not(.elementor-inline-items) .elementor-icon-list-item:not(:last-child){padding-block-end:calc(10px\/2);}.elementor-448 .elementor-element.elementor-element-2c72ea4 .elementor-icon-list-items:not(.elementor-inline-items) .elementor-icon-list-item:not(:first-child){margin-block-start:calc(10px\/2);}.elementor-448 .elementor-element.elementor-element-2c72ea4 .elementor-icon-list-items.elementor-inline-items .elementor-icon-list-item{margin-inline:calc(10px\/2);}.elementor-448 .elementor-element.elementor-element-2c72ea4 .elementor-icon-list-items.elementor-inline-items{margin-inline:calc(-10px\/2);}.elementor-448 .elementor-element.elementor-element-2c72ea4 .elementor-icon-list-items.elementor-inline-items .elementor-icon-list-item:after{inset-inline-end:calc(-10px\/2);}.elementor-448 .elementor-element.elementor-element-2c72ea4 .elementor-icon-list-icon i{color:var( --e-global-color-accent );transition:color 0.3s;}.elementor-448 .elementor-element.elementor-element-2c72ea4 .elementor-icon-list-icon svg{fill:var( --e-global-color-accent );transition:fill 0.3s;}.elementor-448 .elementor-element.elementor-element-2c72ea4{--e-icon-list-icon-size:14px;--icon-vertical-offset:0px;}.elementor-448 .elementor-element.elementor-element-2c72ea4 .elementor-icon-list-icon{padding-inline-end:0px;}.elementor-448 .elementor-element.elementor-element-2c72ea4 .elementor-icon-list-text{color:#FFFFFF;transition:color 0.3s;}.elementor-448 .elementor-element.elementor-element-74e045ab > .elementor-container{max-width:1200px;}.elementor-448 .elementor-element.elementor-element-74e045ab > .elementor-background-overlay{opacity:0.14;transition:background 0.3s, border-radius 0.3s, opacity 0.3s;}.elementor-448 .elementor-element.elementor-element-74e045ab{transition:background 0.3s, border 0.3s, border-radius 0.3s, box-shadow 0.3s;margin-top:0px;margin-bottom:0px;padding:50px 0px 50px 0px;}@media(max-width:1024px){.elementor-448 .elementor-element.elementor-element-19a39e6{padding:50px 10px 50px 10px;}.elementor-448 .elementor-element.elementor-element-422fc82 .elementor-heading-title{font-size:var( --e-global-typography-primary-font-size );line-height:var( --e-global-typography-primary-line-height );}.elementor-448 .elementor-element.elementor-element-74e045ab{margin-top:0px;margin-bottom:0px;padding:40px 10px 40px 10px;}}@media(max-width:767px){.elementor-448 .elementor-element.elementor-element-19a39e6{padding:40px 10px 40px 10px;}.elementor-448 .elementor-element.elementor-element-422fc82 .elementor-heading-title{font-size:var( --e-global-typography-primary-font-size );line-height:var( --e-global-typography-primary-line-height );}.elementor-448 .elementor-element.elementor-element-74e045ab{padding:40px 10px 40px 10px;}}<\/style>\t\t<div data-elementor-type=\"wp-page\" data-elementor-id=\"448\" class=\"elementor elementor-448\" data-elementor-post-type=\"page\">\n\t\t\t\t\t\t<section class=\"elementor-section elementor-top-section elementor-element elementor-element-19a39e6 elementor-section-boxed elementor-section-height-default elementor-section-height-default\" data-id=\"19a39e6\" data-element_type=\"section\" data-settings=\"{&quot;background_background&quot;:&quot;classic&quot;}\">\n\t\t\t\t\t\t\t<div class=\"elementor-background-overlay\"><\/div>\n\t\t\t\t\t\t\t<div class=\"elementor-container elementor-column-gap-default\">\n\t\t\t\t\t<div class=\"elementor-column elementor-col-100 elementor-top-column elementor-element elementor-element-49aa825\" data-id=\"49aa825\" data-element_type=\"column\" data-settings=\"{&quot;background_background&quot;:&quot;classic&quot;}\">\n\t\t\t<div class=\"elementor-widget-wrap elementor-element-populated\">\n\t\t\t\t\t\t<div class=\"elementor-element elementor-element-2c72ea4 elementor-icon-list--layout-inline elementor-align-left elementor-list-item-link-full_width elementor-widget elementor-widget-icon-list\" data-id=\"2c72ea4\" data-element_type=\"widget\" data-widget_type=\"icon-list.default\">\n\t\t\t\t<div class=\"elementor-widget-container\">\n\t\t\t\t\t\t\t<ul class=\"elementor-icon-list-items elementor-inline-items\">\n\t\t\t\t\t\t\t<li class=\"elementor-icon-list-item elementor-inline-item\">\n\t\t\t\t\t\t\t\t\t\t\t<a href=\"https:\/\/sosnowica.com\/sl\">\n\n\t\t\t\t\t\t\t\t\t\t\t<span class=\"elementor-icon-list-text\">Doma\u010da stran<\/span>\n\t\t\t\t\t\t\t\t\t\t\t<\/a>\n\t\t\t\t\t\t\t\t\t<\/li>\n\t\t\t\t\t\t\t\t<li class=\"elementor-icon-list-item elementor-inline-item\">\n\t\t\t\t\t\t\t\t\t\t\t<span class=\"elementor-icon-list-icon\">\n\t\t\t\t\t\t\t<svg aria-hidden=\"true\" class=\"e-font-icon-svg e-fas-chevron-right\" viewbox=\"0 0 320 512\" xmlns=\"http:\/\/www.w3.org\/2000\/svg\"><path d=\"M285.476 272.971L91.132 467.314c-9.373 9.373-24.569 9.373-33.941 0l-22.667-22.667c-9.357-9.357-9.375-24.522-.04-33.901L188.505 256 34.484 101.255c-9.335-9.379-9.317-24.544.04-33.901l22.667-22.667c9.373-9.373 24.569-9.373 33.941 0L285.475 239.03c9.373 9.372 9.373 24.568.001 33.941z\"><\/path><\/svg>\t\t\t\t\t\t<\/span>\n\t\t\t\t\t\t\t\t\t\t<span class=\"elementor-icon-list-text\"><\/span>\n\t\t\t\t\t\t\t\t\t<\/li>\n\t\t\t\t\t\t<\/ul>\n\t\t\t\t\t\t<\/div>\n\t\t\t\t<\/div>\n\t\t\t\t\t<\/div>\n\t\t<\/div>\n\t\t\t\t\t<\/div>\n\t\t<\/section>\n\t\t\t\t<section class=\"elementor-section elementor-top-section elementor-element elementor-element-74e045ab elementor-section-boxed elementor-section-height-default elementor-section-height-default\" data-id=\"74e045ab\" data-element_type=\"section\" data-settings=\"{&quot;background_background&quot;:&quot;classic&quot;}\">\n\t\t\t\t\t\t\t<div class=\"elementor-background-overlay\"><\/div>\n\t\t\t\t\t\t\t<div class=\"elementor-container elementor-column-gap-default\">\n\t\t\t\t\t<div class=\"elementor-column elementor-col-100 elementor-top-column elementor-element elementor-element-3f5cb863\" data-id=\"3f5cb863\" data-element_type=\"column\">\n\t\t\t<div class=\"elementor-widget-wrap elementor-element-populated\">\n\t\t\t\t\t\t<div class=\"elementor-element elementor-element-9a018f5 elementor-widget elementor-widget-heading\" data-id=\"9a018f5\" data-element_type=\"widget\" data-widget_type=\"heading.default\">\n\t\t\t\t<div class=\"elementor-widget-container\">\n\t\t\t\t\t<h2 class=\"elementor-heading-title elementor-size-default\">Pravilnik o pi\u0161kotkih<\/h2>\t\t\t\t<\/div>\n\t\t\t\t<\/div>\n\t\t\t\t<div class=\"elementor-element elementor-element-44268ac elementor-widget elementor-widget-text-editor\" data-id=\"44268ac\" data-element_type=\"widget\" data-widget_type=\"text-editor.default\">\n\t\t\t\t<div class=\"elementor-widget-container\">\n\t\t\t\t\t\t\t\t\t<p>Pi\u0161kotke uporabljamo za izbolj\u0161anje u\u010dinkovitosti in ponujanje uporabniku vedno naprednej\u0161ih funkcij spletnega mesta.\u00a0<strong>sosnowica.com.pl<\/strong>\u00a0(v nadaljevanju Spletno mesto) in vsebine, ki so bolj prilagojene uporabniku. Za zagotovitev preglednosti je sprejeta ta Politika pi\u0161kotkov, ki dolo\u010da podrobna pravila za uporabo pi\u0161kotkov na Spletnem mestu.<\/p><p>Podatke, zbrane prek pi\u0161kotkov, zbira\u00a0<strong>PUH &quot;SOSNOWICA&quot;SCJWI\u0104CKIEWICZ,G.R\u0118BOSZ<\/strong>, naslov\u00a0<strong>Sedla \u0161t. n\/n, 26-050<\/strong>\u00a0<strong>Zagna\u0144sk<\/strong>, Dav\u010dna \u0161tevilka:\u00a0<strong>6571026295<\/strong>, REGON \u0161tevilka:\u00a0<strong>290590152<\/strong>. \u010ce se ugotovi, da so podatki, ki jih vsebujejo pi\u0161kotki, osebni podatki\u00a0<strong>PUH &quot;SOSNOWICA&quot;SCJWI\u0104CKIEWICZ,G.R\u0118BOSZ<\/strong>\u00a0se \u0161teje za upravljavca podatkov, uporabnik pa ima vse pravice, ki jih vsebuje\u00a0<a href=\"https:\/\/sosnowica.com.pl\/polityka-prywatnosci\" target=\"_blank\" rel=\"noopener noreferrer noindex\">Pravilnik o zasebnosti<\/a>.<\/p><p>Uporabnik je vsak posameznik, na katerega se nana\u0161ajo osebni podatki, ki uporablja na\u0161o spletno stran in druga povezana spletna mesta, komunikacije in storitve (v nadaljevanju\u00a0<em>Uporabnik<\/em>).<br \/><br \/><\/p><ol><li><strong>PI\u0160KOTKI<br \/><br \/><\/strong><p>Pi\u0161kotki so besedilne datoteke, ki odgovarjajo na zahteve HTTP, poslane na\u0161emu stre\u017eniku. Te datoteke shrani vsak brskalnik, ki ga uporabljate za obisk na\u0161ega spletnega mesta. Informacije, ki jih vsebujejo pi\u0161kotki, nam pomagajo razumeti, kako uporabniki uporabljajo na\u0161e spletno mesto.<\/p><p>Pi\u0161kotki se uporabljajo za zagotavljanje optimalne storitve med obiskom spletnega mesta in omogo\u010danje hitrej\u0161ega in enostavnej\u0161ega dostopa do informacij ter za to, da se uporabniku ponudijo vedno bolj\u0161e funkcionalnosti spletnega mesta in vsebine, ki so bolj prilagojene uporabniku.<\/p><p>Shranjene informacije ali dostop do njih ne povzro\u010di nobenih sprememb konfiguracije uporabnikove naprave ali programske opreme, name\u0161\u010dene na njej.<\/p><p>Informacije, ki jih vsebujejo pi\u0161kotki, se \u0161tejejo za osebne podatke le v kombinaciji z drugimi osebnimi podatki, ki so na voljo o dolo\u010denem uporabniku. Pi\u0161kotke uporabljamo le za zbiranje anonimnih podatkov o uporabniku, ki se uporabljajo za la\u017ejo uporabo spletnega mesta in zmanj\u0161anje vpliva ogla\u0161evanja.<br \/><br \/><\/p><\/li><li><strong>VRSTE IN NAMENI UPORABE PI\u0160KOTKOV<br \/><br \/><\/strong><p>Pi\u0161kotke in druge podobne tehnologije uporabljamo za prepoznavanje med va\u0161imi obiski na\u0161ega spletnega mesta, za pomnjenje va\u0161ih nastavitev in za prikaz ustrezne, prilagojene vsebine. Pi\u0161kotki omogo\u010dajo hitrej\u0161o in u\u010dinkovitej\u0161o interakcijo z nami. Poleg tega nam pi\u0161kotki omogo\u010dajo, da vam predstavimo vsebino, prilagojeno vam, brez potrebe po anketah.<\/p><p>Spletna stran uporablja dve vrsti pi\u0161kotkov:<\/p><ul><li>Sejni pi\u0161kotki so za\u010dasne datoteke, ki ostanejo na uporabnikovi napravi, dokler ne zapusti spletnega mesta ali zapre spletnega brskalnika. V takih primerih se podatki, shranjeni v sejnih pi\u0161kotkih, samodejno izbri\u0161ejo.<\/li><li>Trajni pi\u0161kotki \u2013 to so datoteke, ki ostanejo v uporabnikovi napravi za obdobje, dolo\u010deno v parametrih datoteke pi\u0161kotkov, ali dokler niso ro\u010dno izbrisane.<\/li><\/ul><p>Spletno mesto uporablja tudi druge razpolo\u017eljive tehnologije, ki omogo\u010dajo shranjevanje informacij v brskalniku v ustreznih shrambah podatkov (shranjevanje sej, lokalno shranjevanje), in so name\u0161\u010dene tudi v del\u010dkih kode analiti\u010dnih orodij, ki jih zagotavljajo drugi ponudniki, kar omogo\u010da shranjevanje pi\u0161kotkov v domenah teh storitev.<\/p><p>Posamezne kategorije pi\u0161kotkov, ki se uporabljajo na na\u0161i spletni strani, so opisane spodaj:<\/p><p><strong>Tehni\u010dni pi\u0161kotki<\/strong>\u00a0\u2013 so bistveni za pravilno delovanje spletnega mesta. Nana\u0161ajo se na funkcionalnost na\u0161ih spletnih mest in nam omogo\u010dajo izbolj\u0161anje storitev, ki jih ponujamo prek njih. Na primer, tako da omogo\u010dajo prenos informacij med stranmi na\u0161ega spletnega mesta, da se izognemo ponovnemu vnosu informacij, ali da prepoznajo va\u0161e nastavitve, ko se vrnete na na\u0161e spletno mesto.<\/p><p>Uporabljamo jih za:<\/p><ul><li>zagotavljanje varnosti;<\/li><li>vzdr\u017eevanje seje, ko uporabnik obi\u0161\u010de in se prijavi v svoj uporabni\u0161ki ra\u010dun;<\/li><li>zagotavljanje ustreznega prikaza strani \u2013 odvisno od naprave, ki jo uporabnik uporablja;<\/li><li>prilagajanje na\u0161ih storitev va\u0161im \u017eeljam;<\/li><li>zapomnitev, ali uporabnik sogla\u0161a s prikazom dolo\u010dene vsebine.<\/li><\/ul><p><strong>Analiti\u010dni pi\u0161kotki<\/strong>\u00a0\u2013 omogo\u010dajo nam, da prepoznamo in pre\u0161tejemo \u0161tevilo uporabnikov, ki obi\u0161\u010dejo na\u0161o spletno stran, vidimo, kako obiskovalci krmarijo po spletni strani med uporabo, in bele\u017eimo, katero vsebino si ogledujejo in katere jih zanimajo. To nam pomaga ugotoviti, kako pogosto so strani in oglasi obiskani ter katera podro\u010dja na\u0161e spletne strani so najbolj priljubljena. To nam omogo\u010da, da izbolj\u0161amo storitve, ki jih ponujamo, tako da zagotovimo, da na\u0161i uporabniki najdejo informacije, ki jih i\u0161\u010dejo. Potrebni so tudi za izstavljanje ra\u010dunov na\u0161im zaupanja vrednim partnerjem in merjenje u\u010dinkovitosti na\u0161ih tr\u017eenjskih dejavnosti brez identifikacije osebnih podatkov.<\/p><p>Uporabljamo jih za:<\/p><ul><li>pregled statistike obiskanosti spletnega mesta in preverjanje virov prometa (navodila za preusmeritev);<\/li><li>odkrivanje razli\u010dnih vrst zlorab, npr. umetnega internetnega prometa (boti), napadov DDoS;<\/li><li>omejevanje ne\u017eelenih tr\u017eenjskih dejavnosti;<\/li><li>merjenje u\u010dinkovitosti tr\u017eenjskih kampanj, ki se izvajajo za spletno mesto, npr. v ogla\u0161evalskem omre\u017eju Google, v partnerskih programih, na zunanjih spletnih mestih;<\/li><li>zara\u010dunavanje zaupanja vrednih partnerjev za ogla\u0161evalske storitve na podlagi dejavnosti uporabnikov, npr. klikov.<\/li><\/ul><p>Tr\u017eenjski pi\u0161kotki \u2013 uporabljajo se, kadar uporabnik s tem sogla\u0161a, in le, kadar to zahtevajo funkcionalnosti in oblike ogla\u0161evanja, ki jih uporablja na\u0161e spletno mesto.<\/p><p>Uporabljamo jih za:<\/p><ul><li>Prikazovanje oglasov, ki so ustrezni in zanimivi za dolo\u010denega uporabnika. To vklju\u010duje profiliranje oglasov, prikazanih tako na zunanjih spletnih mestih kot na na\u0161em spletnem mestu, na podlagi uporabni\u0161kih preferenc glede izbire izdelkov, na podlagi podatkov, ki jih hrani spletno mesto, vklju\u010dno z vedenjem uporabnikov na spletnem mestu.<\/li><\/ul><p>Pri dostopu do spletnega mesta lahko zavrnete uporabo analiti\u010dnih in marketin\u0161kih pi\u0161kotkov. To nam bo prepre\u010dilo zbiranje podrobnih statisti\u010dnih podatkov in prilagajanje ogla\u0161evanja na podlagi informacij, zbranih na na\u0161em spletnem mestu. Vendar pa bodo splo\u0161ni oglasi \u0161e vedno prikazani tako na spletnem mestu kot na drugih spletnih mestih.<\/p><p>Za prikazovanje spletnih oglasov uporabljamo tehnologije, ki jih zagotavljata Google in Meta (Facebook), ter druga orodja, kot je Google reCAPTCHA (orodje za prepre\u010devanje ne\u017eelene po\u0161te). Zato se prepri\u010dajte, da sogla\u0161ate z uporabo teh orodij, vklju\u010dno s profiliranjem spletnih in Facebook oglasov. Nastavitve zasebnosti in varnosti si lahko ogledate in upravljate v svojem Google Ra\u010dunu na spletni strani g.co\/privacytools. Ve\u010d informacij o Googlovi politiki zasebnosti, tehnologijah, ki jih uporablja Google, in Googlovih pogojih storitve najdete na https:\/\/policies.google.com\/privacy?hl=pl#infochoices. Informacije o politiki zasebnosti podjetja Meta (Facebook) in o tem, kako upravljati nastavitve zasebnosti, so na voljo na https:\/\/pl-pl.facebook.com\/privacy\/explanation\/.<\/p><p>Podrobnej\u0161e informacije o pi\u0161kotkih, ki jih uporabljamo, njihovem \u010dasu shranjevanja in trenutnem seznamu zunanjih podjetij, katerih storitve uporabljamo ali katerih tehnologije name\u0161\u010damo na na\u0161o spletno stran, najdete na\u00a0<a href=\"https:\/\/sosnowica.com.pl\/tabela-cookies\" target=\"_blank\" rel=\"noopener noreferrer noindex\">Tabela pi\u0161kotkov<\/a>.<br \/><br \/><\/p><\/li><li><strong>ONEMOGO\u010cANJE PI\u0160KOTKOV<br \/><br \/><\/strong><p>Spletni brskalniki privzeto dovoljujejo shranjevanje pi\u0161kotkov. \u010ce pi\u0161kotkov ne \u017eelite prejemati, lahko spremenite nastavitve brskalnika v ra\u010dunalniku ali drugi napravi, ki jo uporabljate za dostop do na\u0161ega spletnega mesta. Va\u0161a nadaljnja uporaba na\u0161ega spletnega mesta brez spreminjanja nastavitev pomeni, da sogla\u0161ate s prejemanjem tehni\u010dnih pi\u0161kotkov na na\u0161em spletnem mestu, ki so, kot je navedeno, potrebni za pravilno delovanje spletnega mesta.<\/p><p>Ve\u010dina spletnih brskalnikov ima funkcijo, ki uporabnikom omogo\u010da ogled in brisanje pi\u0161kotkov, vklju\u010dno s pi\u0161kotki na na\u0161i spletni strani. Vendar je treba opozoriti, da vam nezmo\u017enost shranjevanja ali branja pi\u0161kotkov na na\u0161i spletni strani lahko prepre\u010di popolno in pravilno uporabo na\u0161e spletne strani.<\/p><p>\u010ce za dostop in brskanje po na\u0161em spletnem mestu uporabljate razli\u010dne naprave (npr. ra\u010dunalnik, pametni telefon, tabli\u010dni ra\u010dunalnik), morate zagotoviti, da je vsak brskalnik na vsaki napravi prilagojen va\u0161im nastavitvam pi\u0161kotkov.<\/p><p>Na\u010din onemogo\u010danja pi\u0161kotkov je odvisen od brskalnika, ki ga uporabljate. Spodaj je opisano, kako lahko onemogo\u010dite pi\u0161kotke v brskalnikih Google Chrome, Firefox, Safari, Opera in Internet Explorer.<br \/><br \/><\/p><ol><li><strong>Onemogo\u010danje pi\u0161kotkov v brskalniku Google Chrome<br \/><br \/><\/strong><ol><li>V zgornjem desnem kotu naslovne vrstice Google Chroma izberite tri navpi\u010dne pike.<\/li><li>Izberite\u00a0<em>Nastavitve<\/em>, in nato na levi strani kliknite\u00a0<em>Zasebnost in varnost<\/em>.<\/li><li>Izberite razdelek\u00a0<em>Pi\u0161kotki tretjih oseb<\/em>\u00a0in konfigurirajte lastne nastavitve pi\u0161kotkov.<\/li><\/ol><p>Ve\u010d informacij o nastavitvah brskalnika Google Chrome:<\/p><a href=\"https:\/\/support.google.com\/accounts\/answer\/61416?hl=pl\" target=\"_blank\" rel=\"nofollow noopener\">https:\/\/support.google.com\/accounts\/answer\/61416?hl=pl<br \/><br \/><\/a><\/li><li><strong>Onemogo\u010danje pi\u0161kotkov v Firefoxu<br \/><br \/><\/strong><ol><li>V zgornjem desnem kotu okna Firefoxa izberite tri vodoravne \u010drte.<\/li><li>Izberite\u00a0<em>Nastavitve<\/em>, in nato na levi strani kliknite\u00a0<em>Zasebnost in varnost<\/em>.<\/li><li>Izberite ustrezno raven varnosti ali konfigurirajte svojo.<\/li><\/ol><p>Ve\u010d informacij o nastavitvah Firefoxa:<\/p><a href=\"https:\/\/support.mozilla.org\/pl\/kb\/usuwanie-ciasteczek-i-danych-stron-firefox\" target=\"_blank\" rel=\"nofollow noopener\">https:\/\/support.mozilla.org\/pl\/kb\/usuwanie-ciasteczek-i-danych-stron-firefox<br \/><br \/><\/a><\/li><li><strong>Onemogo\u010danje pi\u0161kotkov v Safariju<br \/><br \/><\/strong><p>Izberite ukaz menija\u00a0<em>Safari &gt; Nastavitve<\/em>, kliknite na\u00a0<em>Zasebnost<\/em>, in nato naredite nekaj od naslednjega:<\/p><ul><li><em>Blokiraj vse pi\u0161kotke<\/em><\/li><li><em>Prepre\u010dite sledenje med spletnimi mesti<\/em><\/li><\/ul><p>Ve\u010d informacij o nastavitvah Safarija:<\/p><a href=\"https:\/\/support.apple.com\/pl-pl\/guide\/safari\/sfri11471\/mac\" target=\"_blank\" rel=\"nofollow noopener\">https:\/\/support.apple.com\/pl-pl\/guide\/safari\/sfri11471\/mac<br \/><br \/><\/a><\/li><li><strong>Onemogo\u010danje pi\u0161kotkov v brskalniku Opera<br \/><br \/><\/strong><ol><li>V zgornjem desnem kotu naslovne vrstice brskalnika Opera izberite tri vodoravne \u010drte.<\/li><li>Izberite\u00a0<em>Pojdite na celotne nastavitve brskalnika.<\/em><\/li><li>Izberite\u00a0<em>Zasebnost in varnost<\/em>, nato pa prilagodite nastavitve svojim \u017eeljam.<\/li><\/ol><p>Ve\u010d informacij o nastavitvah brskalnika Opera:<\/p><a href=\"https:\/\/help.opera.com\/pl\/latest\/web-preferences\/#cookies\" target=\"_blank\" rel=\"nofollow noopener\">https:\/\/help.opera.com\/pl\/latest\/web-preferences\/#cookies<br \/><br \/><\/a><\/li><li><strong>Onemogo\u010danje pi\u0161kotkov v brskalniku Edge<br \/><br \/><\/strong><ol><li>V zgornjem desnem kotu naslovne vrstice brskalnika Edge izberite tri vodoravne pike.<\/li><li>Izberite\u00a0<em>Nastavitve<\/em>, in nato na levi strani kliknite\u00a0<em>Pi\u0161kotki in dovoljenja spletnega mesta<\/em>.<\/li><li>Izberite\u00a0<em>Upravljanje in brisanje pi\u0161kotkov in podatkov spletnega mesta<\/em>.<\/li><li>Prilagodite nastavitve pi\u0161kotkov svojim \u017eeljam.<\/li><\/ol><p>Ve\u010d informacij o nastavitvah brskalnika Edge:<\/p><a href=\"https:\/\/support.microsoft.com\/pl-pl\/microsoft-edge\/usuwanie-plik%C3%B3w-cookie-w-przegl%C4%85darce-microsoft-edge-63947406-40ac-c3b8-57b9-2a946a29ae09\" target=\"_blank\" rel=\"nofollow noopener\">https:\/\/support.microsoft.com\/pl-pl\/microsoft-edge\/usuwanie-plik%C3%B3w-cookie-w- przegl%C4%85darce-microsoft-edge-63947406-40ac-c3b8-57b9-2a946a29ae09<br \/><br \/><\/a><\/li><\/ol><\/li><li><strong>KONTAKTNI PODATKI<br \/><br \/><\/strong><p>V primeru kakr\u0161nih koli dvomov v zvezi s to politiko pi\u0161kotkov ali za pridobitev informacij v zvezi s to politiko pi\u0161kotkov se lahko uporabnik obrne na skrbnika po elektronski po\u0161ti.\u00a0<strong><a href=\"mailto:biuro@sosnowica.com.pl\">biuro@sosnowica.com.pl<\/a><\/strong>\u00a0in po po\u0161ti na naslov skrbnika.<\/p><\/li><\/ol>\t\t\t\t\t\t\t\t<\/div>\n\t\t\t\t<\/div>\n\t\t\t\t\t<\/div>\n\t\t<\/div>\n\t\t\t\t\t<\/div>\n\t\t<\/section>\n\t\t\t\t<\/div>","protected":false},"excerpt":{"rendered":"<p>Strona g\u0142\u00f3wna Polityka Cookies Korzystamy z\u00a0plik\u00f3w cookies w\u00a0celu poprawienia efektywno\u015bci i\u00a0zaproponowania U\u017cytkownikowi coraz doskonalszych funkcjonalno\u015bci serwisu internetowego\u00a0sosnowica.com.pl\u00a0(dalej jako Serwis) oraz\u00a0bardziej dopasowanych do\u00a0U\u017cytkownika tre\u015bci. W\u00a0celu zapewnienia przejrzysto\u015bci dzia\u0142a\u0144 zostaje przyj\u0119ta niniejsza Polityka Cookies, kt\u00f3ra okre\u015bla szczeg\u00f3\u0142owe zasady korzystania przez Serwis internetowy z\u00a0plik\u00f3w cookies. Dane za\u00a0pomoc\u0105 plik\u00f3w cookies gromadzone s\u0105 przez\u00a0PUH ,,SOSNOWICA&#8221;S.C. J.WI\u0104CKIEWICZ,G.R\u0118BOSZ, adres\u00a0Siod\u0142a n\/n, 26-050\u00a0Zagna\u0144sk, numer [&hellip;]<\/p>","protected":false},"author":1,"featured_media":0,"parent":0,"menu_order":0,"comment_status":"closed","ping_status":"closed","template":"elementor_header_footer","meta":{"footnotes":""},"class_list":["post-448","page","type-page","status-publish","hentry"],"_links":{"self":[{"href":"https:\/\/sosnowica.com\/sl\/wp-json\/wp\/v2\/pages\/448","targetHints":{"allow":["GET"]}}],"collection":[{"href":"https:\/\/sosnowica.com\/sl\/wp-json\/wp\/v2\/pages"}],"about":[{"href":"https:\/\/sosnowica.com\/sl\/wp-json\/wp\/v2\/types\/page"}],"author":[{"embeddable":true,"href":"https:\/\/sosnowica.com\/sl\/wp-json\/wp\/v2\/users\/1"}],"replies":[{"embeddable":true,"href":"https:\/\/sosnowica.com\/sl\/wp-json\/wp\/v2\/comments?post=448"}],"version-history":[{"count":4,"href":"https:\/\/sosnowica.com\/sl\/wp-json\/wp\/v2\/pages\/448\/revisions"}],"predecessor-version":[{"id":452,"href":"https:\/\/sosnowica.com\/sl\/wp-json\/wp\/v2\/pages\/448\/revisions\/452"}],"wp:attachment":[{"href":"https:\/\/sosnowica.com\/sl\/wp-json\/wp\/v2\/media?parent=448"}],"curies":[{"name":"wp","href":"https:\/\/api.w.org\/{rel}","templated":true}]}}